{"id":22545,"date":"2017-10-12T13:02:30","date_gmt":"2017-10-12T13:02:30","guid":{"rendered":"http:\/\/stiftundpapier.de\/portfolio\/?page_id=22545"},"modified":"2026-02-24T12:44:58","modified_gmt":"2026-02-24T11:44:58","slug":"zahlung-und-versand","status":"publish","type":"page","link":"https:\/\/stiftundpapier.de\/en\/zahlung-und-versand\/","title":{"rendered":"ZAHLUNG UND VERSAND"},"content":{"rendered":"<h1><strong>Payment and shipping<\/strong><\/h1>\n\n\n\n<p><\/p>\n\n\n\n<p><\/p>\n\n\n\n<p><strong><em>Dear customer,<\/em><\/strong><\/p>\n\n\n\n<p><em>You order directly from me - Martina Hoffmann. I personally pack and ship your orders.<\/em><br><em>Ich bem\u00fche mich,&nbsp; alles so schnell wie m\u00f6glich zu bearbeiten. Aktuell versende ich 4 mal pro Woche. Deine Ware sollte also \u2013 anh\u00e4ngig von der Postlaufzeit \u2013 sehr schnell bei dir sein. Solltest du mal etwas ganz dringend oder zu einem bestimmten Termin ben\u00f6tigen, schreib mir bitte \u2013 idealerweise vorab \u2013 eine Email. Dann finden wir einen Weg, wie du schnellstm\u00f6glich deine Bestellung erhalten kann.<\/em><\/p>\n\n\n\n<div style=\"height:50px\" aria-hidden=\"true\" class=\"wp-block-spacer\"><\/div>\n\n\n\n<div style=\"height:50px\" aria-hidden=\"true\" class=\"wp-block-spacer\"><\/div>\n\n\n<h1><strong>The following conditions apply:<\/strong><\/h1>\n<h2>\u00a0<\/h2>\n<h2>Shipping terms<\/h2>\n<h3>\u00a0<\/h3>\n<p>Domestic shipping (<strong>Germany)<\/strong>and <strong>shipping to all other countries worldwide,<\/strong> except Andorra, <span class=\"x193iq5w xeuugli x13faqbe x1vvkbs xlh3980 xvmahel x1n0sxbx x1lliihq x1s928wv xhkezso x1gmr53x x1cpjm7i x1fgarty x1943h6x xudqn12 x3x7a5m x6prxxf xvq8zen xo1l8bm xzsf02u\" dir=\"auto\"><span class=\"x193iq5w xeuugli x13faqbe x1vvkbs xlh3980 xvmahel x1n0sxbx x6prxxf xvq8zen xo1l8bm xzsf02u\">Bulgarien, Frankreich, Griechenland, Gro\u00dfbritannien, Liechtenstein, Luxemburg, Monaco, \u00d6sterreich, Polen, Rum\u00e4nien, San Marino, Schweden, Slowakei, Spanien, Vatikanstadt,<\/span><\/span><\/p>\n<p><strong>F\u00fcr Bestellungen nach Gro\u00dfbritannien nutzt bitte meinen Etsyshop: <\/strong><a title=\"\" href=\"https:\/\/martinahoffmannshop.etsy.com\" target=\"_blank\" rel=\"noopener\">https:\/\/martinahoffmannshop.etsy.com<\/a><\/p>\n<h2>\u00a0<\/h2>\n<h2>\u00a0<\/h2>\n<h2>Shipping Costs<\/h2>\n<p>including  VAT<strong><br \/><\/strong><\/p>\n<p>\u00a0<\/p>\n<p><span style=\"text-decoration: underline;\">Lieferungen im Inland<strong> (Deutschland)<\/strong>:<br \/><\/span><strong>kleine Papeterie (A4-Kalender, Karten, Drucke bis A4): 3,00 Euro<br \/>gro\u00dfe Papeterie (Poster in A3 und A2, Familienplaner) und Keramik: 6,90 Euro. <br \/><\/strong>Wenn du Keramik und Papeterie zusammen bestellst, zahlst du eine Pauschale von 6,90 Euro.<\/p>\n<p><strong>Versandkostenfrei ab 200 Euro Bestellwert.<br \/><\/strong><\/p>\n<p>\u00a0<\/p>\n<p>Shipping to: <strong>Belgien, D\u00e4nemark, Estland, Finnland, Irland, Italien, Kroatien, Lettland, Litauen, Malta, Niederlande, Portugal, Slowenien, Tschechien, Ungarn, Zypern:<\/strong><br \/><strong>10,00 \u20ac for small items <\/strong>(Postcards, small prints, A4 calendar)<br \/><strong>18,00 \u20ac for large items <\/strong>( Planner for families<strong>, <\/strong>posters, ceramics)<\/p>\n<p>\u00a0<\/p>\n<p>Shipping to <strong>Schweiz und Albanien, Bosnien-Herzegovina, F\u00e4r\u00f6er, Gr\u00f6nland, Island, Nordmazedonien, Montenegro, Norwegen, Serbien, Ukraine, Wei\u00dfrussland:<\/strong><br \/><strong>12,00 \u20ac for small items <\/strong>(Postcards, small prints, A4 calendar)<br \/><strong>24,00  \u20ac for large items <\/strong>( Planner for families<strong>, <\/strong>posters, ceramics)<\/p>\n<p>\u00a0<\/p>\n<p>Shipping to <strong>Algeria, Egypt, Georgia, Israel, Lebanon, Libya, Morocco, Russian Federation, Syria, Tunisia, Turkey:<\/strong><br \/><strong>14,00 \u20ac for small items <\/strong>(Postcards, small prints, A4 calendar)<br \/><strong>36,00 \u20ac for large items <\/strong>( Planner for families<strong>,<\/strong> posters, ceramics)<\/p>\n<p>\u00a0<\/p>\n<p>Shipping to <strong>Afghanistan, Armenia, Azerbaijan, Bahrain, Bangladesh, Bhutan, Brunei Darussalam, Cambodia, Canada, China, India, Indonesia, Iran, Iraq, Japan, Jordan, Kazakhstan, Kuwait, Kyrgyzstan, Laos, Malaysia, Maldives, Qatar, Yemen, Mexico, Mongolia, Myanman, Nepal, North Korea, Oman, East Timor, Pakistan, Papua New Guinea, Philippines, Saudi Arabia, Singapore, Sri Lanka, South Korea, Tajikistan, Taiwan, Turkmenistan, USA, Uzbekistan, United Arab Emirates, Vietnam:<\/strong><br \/><strong>17,00 \u20ac for small items <\/strong>(Postcards, small prints, A4 calendar)<br \/><strong>48,00 \u20ac for large items <\/strong>( Planner for families<strong>,<\/strong> posters, ceramics)<\/p>\n<p>\u00a0<\/p>\n<p>Shipping to <strong>all other countries<\/strong><br \/><strong>17,00 \u20ac for small items <\/strong>(Postcards, small prints, A4 calendar)<br \/><strong>65,00 \u20ac for large items <\/strong>( Planner for families<strong>,<\/strong> posters, ceramics)<\/p>\n<p><strong>\u00a0<\/strong><\/p>\n<p>\u00a0<\/p>\n<h2>Delivery periods<\/h2>\n<p>Insofar as no other period is specified in the respective offer, the delivery of the goods shall take place within 5 - 7 days in Germany (Germany), in the case of deliveries abroad within 7 - 14 days after conclusion of the contract (in the case of agreed advance payment, after the time of your payment instruction).<\/p>\n<p>Please note that there is no delivery on Sundays and public holidays.<\/p>\n<p>If you have ordered items with different delivery times, we will send the goods in one shipment, unless we have made different arrangements with you. In this case, the delivery time is determined by the item with the longest delivery time that you have ordered.<\/p>\n<p>\u00a0<\/p>\n<h2>Terms of payment<\/h2>\n<h5>Domestic deliveries (Germany):<\/h5>\n<p>For domestic deliveries (Germany) you have the following payment options:<br \/><strong>&#8211;\u00a0 <\/strong>Prepayment by bank transfer<br \/><strong>&#8211;<\/strong>\u00a0 Payment via PayPal<br \/>- Payment by credit card (service provider Stripe)<\/p>\n<h5>\u00a0<\/h5>\n<h5>\u00a0<\/h5>\n<h5>Deliveries to other countries:<\/h5>\n<p>For deliveries abroad you have the following payment options:<br \/><strong>&#8211;\u00a0 <\/strong>Prepayment by bank transfer<br \/><strong>&#8211;<\/strong>\u00a0 Payment via PayPal<br \/>- Payment by credit card (service provider Stripe)<\/p>\n<p>\u00a0<\/p>\n<p>If you have any further questions, you can find my contact details in the imprint.<\/p>","protected":false},"excerpt":{"rendered":"<p>Zahlung und Versand Liebe Kundin, lieber Kunde, du bestellst direkt bei mir \u2013 Martina Hoffmann. Ich verpacke und versende deine Bestellungen pers\u00f6nlich.Ich bem\u00fche mich,&nbsp; alles so schnell wie m\u00f6glich zu bearbeiten. Aktuell versende ich 4 mal pro Woche. Deine Ware sollte also \u2013 anh\u00e4ngig von&#8230;<\/p>","protected":false},"author":1,"featured_media":0,"parent":0,"menu_order":0,"comment_status":"closed","ping_status":"closed","template":"","meta":[],"_links":{"self":[{"href":"https:\/\/stiftundpapier.de\/en\/wp-json\/wp\/v2\/pages\/22545"}],"collection":[{"href":"https:\/\/stiftundpapier.de\/en\/wp-json\/wp\/v2\/pages"}],"about":[{"href":"https:\/\/stiftundpapier.de\/en\/wp-json\/wp\/v2\/types\/page"}],"author":[{"embeddable":true,"href":"https:\/\/stiftundpapier.de\/en\/wp-json\/wp\/v2\/users\/1"}],"replies":[{"embeddable":true,"href":"https:\/\/stiftundpapier.de\/en\/wp-json\/wp\/v2\/comments?post=22545"}],"version-history":[{"count":3,"href":"https:\/\/stiftundpapier.de\/en\/wp-json\/wp\/v2\/pages\/22545\/revisions"}],"predecessor-version":[{"id":27629,"href":"https:\/\/stiftundpapier.de\/en\/wp-json\/wp\/v2\/pages\/22545\/revisions\/27629"}],"wp:attachment":[{"href":"https:\/\/stiftundpapier.de\/en\/wp-json\/wp\/v2\/media?parent=22545"}],"curies":[{"name":"wp","href":"https:\/\/api.w.org\/{rel}","templated":true}]}}