{"id":27101,"date":"2024-10-04T18:58:45","date_gmt":"2024-10-04T16:58:45","guid":{"rendered":"https:\/\/stiftundpapier.de\/?page_id=27101"},"modified":"2024-10-04T18:58:47","modified_gmt":"2024-10-04T16:58:47","slug":"newsletterbestaetigung","status":"publish","type":"page","link":"https:\/\/stiftundpapier.de\/en\/newsletterbestaetigung\/","title":{"rendered":"Newsletterbest\u00e4tigung"},"content":{"rendered":"<h2>Bitte best\u00e4tige deine Anmeldung<\/h2>\n\n\n\n<div class=\"wp-block-columns\">\n<div class=\"wp-block-column\">\n<p>F\u00fcr den Registrierungsprozess muss deine Emailadresse best\u00e4tigt werden. <br>Klicke bitte auf den Link in der E-Mail, die ich dir gerade gesendet haben.<br>Manchmal landet die Email auch im Spam. Schau deshalb bitte auch im Spam nach, sollte die Email nicht in einigen Minuten ankommen.<br><br>Du wirst nicht registriert, wenn du nicht auf den Best\u00e4tigungslink klickst.<br><\/p>\n\n\n\n<p><\/p>\n\n\n\n<div style=\"height:57px\" aria-hidden=\"true\" class=\"wp-block-spacer\"><\/div>\n\n\n\n<h2>Please confirm your registration<\/h2>\n\n\n\n<p>Your email address must be confirmed for the registration process.<br>Please click on the link in the email I have just sent you.<br>Sometimes the confirmation email ends up in the spam-folder. Please make sure to check that if the email does not arrive within a few minutes.<br><br>You will not be registered if you do not click on the confirmation link<\/p>\n<\/div>\n<\/div>\n\n\n\n<div style=\"height:43px\" aria-hidden=\"true\" class=\"wp-block-spacer\"><\/div>","protected":false},"excerpt":{"rendered":"<p>Bitte best\u00e4tige deine Anmeldung F\u00fcr den Registrierungsprozess muss deine Emailadresse best\u00e4tigt werden. Klicke bitte auf den Link in der E-Mail, die ich dir gerade gesendet haben.Manchmal landet die Email auch im Spam. Schau deshalb bitte auch im Spam nach, sollte die Email nicht in einigen&#8230;<\/p>","protected":false},"author":1,"featured_media":0,"parent":0,"menu_order":0,"comment_status":"closed","ping_status":"closed","template":"","meta":[],"_links":{"self":[{"href":"https:\/\/stiftundpapier.de\/en\/wp-json\/wp\/v2\/pages\/27101"}],"collection":[{"href":"https:\/\/stiftundpapier.de\/en\/wp-json\/wp\/v2\/pages"}],"about":[{"href":"https:\/\/stiftundpapier.de\/en\/wp-json\/wp\/v2\/types\/page"}],"author":[{"embeddable":true,"href":"https:\/\/stiftundpapier.de\/en\/wp-json\/wp\/v2\/users\/1"}],"replies":[{"embeddable":true,"href":"https:\/\/stiftundpapier.de\/en\/wp-json\/wp\/v2\/comments?post=27101"}],"version-history":[{"count":3,"href":"https:\/\/stiftundpapier.de\/en\/wp-json\/wp\/v2\/pages\/27101\/revisions"}],"predecessor-version":[{"id":27104,"href":"https:\/\/stiftundpapier.de\/en\/wp-json\/wp\/v2\/pages\/27101\/revisions\/27104"}],"wp:attachment":[{"href":"https:\/\/stiftundpapier.de\/en\/wp-json\/wp\/v2\/media?parent=27101"}],"curies":[{"name":"wp","href":"https:\/\/api.w.org\/{rel}","templated":true}]}}