{"id":21986,"date":"2017-05-29T09:29:55","date_gmt":"2017-05-29T07:29:55","guid":{"rendered":"http:\/\/stiftundpapier.de\/portfolio\/?post_type=product&#038;p=21986"},"modified":"2024-12-13T09:51:09","modified_gmt":"2024-12-13T08:51:09","slug":"leuchturmjunge","status":"publish","type":"product","link":"https:\/\/stiftundpapier.de\/en\/product\/leuchturmjunge\/","title":{"rendered":"The Lighthouse"},"content":{"rendered":"<div class=\"translated user-markdown\">\n<h2>F\u00fcr kleine Seem\u00e4nner und gro\u00dfe K\u00fcstenfreunde<\/h2>\n<h2><\/h2>\n<p>&nbsp;<\/p>\n<p>\u2022 reproduction of my original illustration<br \/>\n\u2022 Suitable as a postcard or framed picture<br \/>\n\u2022 Size: 10.5 x 14.8 cm<br \/>\n\u2022 printed on high-quality 300 g coated cardboard<br \/>\n\u2022 Finished on one side with matt varnish<\/p>\n<p>&nbsp;<\/p>\n<p>&nbsp;<\/p>\n<p><strong>Materials used:<\/strong><\/p>\n<div class=\"attribute-group\">\n<div class=\"material user-markdown\">\n<p class=\"headline-100\">Aquarellfarben und Buntstifte bei der Originalillustration.<br \/>\n300-gram chromo board and matt varnish for the postcard.<\/p>\n<\/div>\n<p>&nbsp;<\/p>\n<div class=\"manufacturing user-markdown\">\n<p class=\"headline-100\"><strong>Production method<\/strong><\/p>\n<p>The illustration was drawn by me and then printed on high-quality 300-gram cardboard.<br \/>\nThe cards are finished with a one-sided matt varnish.<\/p>\n<p>&nbsp;<\/p>\n<p>&nbsp;<\/p>\n<p><strong>Angaben entsprechend der Produktsicherheitsverordnung (GPSR):\u2028<\/strong><\/p>\n<p>Herstellerin: Martina Hoffmann \u2013 Kunst und Keramik<br \/>\nKontakt: Martina Hoffmann c\/o Hoffmann KBN, Riestedterstra\u00dfe 61, 06526 Sangerhausen<br \/>\nEmail: hallo@stiftundpapier.de<\/p>\n<p>Produktname: Der Leuchtturmjunge<br \/>\nArtikelnummer: PK_Leuchtturmjunge<br \/>\nSicherheitshinweis: Dieses Produkt ist nicht f\u00fcr Kinder unter 3 Jahren geeignet.<\/p>\n<\/div>\n<\/div>\n<\/div>","protected":false},"excerpt":{"rendered":"<p>&nbsp;<\/p>\n<p><strong>Postkarte \u201cDer Leuchtturmjunge\u201d<\/strong><br \/>\nFormat Din A6 (148 x 105 mm)<br \/>\n300-Gramm-Chromokarton<\/p>\n<p>&nbsp;<\/p>","protected":false},"featured_media":22785,"template":"","meta":[],"product_cat":[6],"product_tag":[],"_links":{"self":[{"href":"https:\/\/stiftundpapier.de\/en\/wp-json\/wp\/v2\/product\/21986"}],"collection":[{"href":"https:\/\/stiftundpapier.de\/en\/wp-json\/wp\/v2\/product"}],"about":[{"href":"https:\/\/stiftundpapier.de\/en\/wp-json\/wp\/v2\/types\/product"}],"wp:featuredmedia":[{"embeddable":true,"href":"https:\/\/stiftundpapier.de\/en\/wp-json\/wp\/v2\/media\/22785"}],"wp:attachment":[{"href":"https:\/\/stiftundpapier.de\/en\/wp-json\/wp\/v2\/media?parent=21986"}],"wp:term":[{"taxonomy":"product_cat","embeddable":true,"href":"https:\/\/stiftundpapier.de\/en\/wp-json\/wp\/v2\/product_cat?post=21986"},{"taxonomy":"product_tag","embeddable":true,"href":"https:\/\/stiftundpapier.de\/en\/wp-json\/wp\/v2\/product_tag?post=21986"}],"curies":[{"name":"wp","href":"https:\/\/api.w.org\/{rel}","templated":true}]}}