{"id":21991,"date":"2017-05-30T13:54:35","date_gmt":"2017-05-30T11:54:35","guid":{"rendered":"http:\/\/stiftundpapier.de\/portfolio\/?post_type=product&#038;p=21991"},"modified":"2024-09-03T12:29:00","modified_gmt":"2024-09-03T10:29:00","slug":"das-seerosenmaedchen","status":"publish","type":"product","link":"https:\/\/stiftundpapier.de\/en\/product\/das-seerosenmaedchen\/","title":{"rendered":"Waterlily Girl"},"content":{"rendered":"<div class=\"translated user-markdown\">\n<h2>F\u00fcr kleine Wasserh\u00fcpfer und gro\u00dfe Sommerfreunde<\/h2>\n<p><em><strong>\u00a0<\/strong><\/em><\/p>\n<p>\u2022 reproduction of my original illustration<br \/>\n\u2022 Suitable as a postcard or framed picture<br \/>\n\u2022 Size: 10.5 x 14.8 cm<br \/>\n\u2022 printed on high-quality 300 g coated cardboard<br \/>\n\u2022 Finished on one side with matt varnish<\/p>\n<p>&nbsp;<\/p>\n<p>&nbsp;<\/p>\n<p><strong>Materials used:<\/strong><\/p>\n<div class=\"attribute-group\">\n<div class=\"material user-markdown\">\n<p class=\"headline-100\">Aquarellfarben und Buntstifte bei der Originalillustration.<br \/>\n300-gram chromo board and matt varnish for the postcard.<\/p>\n<\/div>\n<p>&nbsp;<\/p>\n<div class=\"manufacturing user-markdown\">\n<p class=\"headline-100\"><strong>Production method<\/strong><\/p>\n<p>The illustration was drawn by me and then printed on high-quality 300-gram cardboard.<br \/>\nThe cards are finished with a one-sided matt varnish.<\/p>\n<\/div>\n<\/div>\n<\/div>","protected":false},"excerpt":{"rendered":"<p>&nbsp;<\/p>\n<p><strong>Postarte \u201cDas Seerosenm\u00e4dchen\u201d<\/strong><br \/>\nFormat Din A6 (148 x 105 mm)<br \/>\n300-Gramm-Chromokarton<\/p>\n<p>&nbsp;<\/p>","protected":false},"featured_media":22782,"template":"","meta":[],"product_cat":[6,504],"product_tag":[],"_links":{"self":[{"href":"https:\/\/stiftundpapier.de\/en\/wp-json\/wp\/v2\/product\/21991"}],"collection":[{"href":"https:\/\/stiftundpapier.de\/en\/wp-json\/wp\/v2\/product"}],"about":[{"href":"https:\/\/stiftundpapier.de\/en\/wp-json\/wp\/v2\/types\/product"}],"wp:featuredmedia":[{"embeddable":true,"href":"https:\/\/stiftundpapier.de\/en\/wp-json\/wp\/v2\/media\/22782"}],"wp:attachment":[{"href":"https:\/\/stiftundpapier.de\/en\/wp-json\/wp\/v2\/media?parent=21991"}],"wp:term":[{"taxonomy":"product_cat","embeddable":true,"href":"https:\/\/stiftundpapier.de\/en\/wp-json\/wp\/v2\/product_cat?post=21991"},{"taxonomy":"product_tag","embeddable":true,"href":"https:\/\/stiftundpapier.de\/en\/wp-json\/wp\/v2\/product_tag?post=21991"}],"curies":[{"name":"wp","href":"https:\/\/api.w.org\/{rel}","templated":true}]}}