{"id":23293,"date":"2017-11-11T10:32:02","date_gmt":"2017-11-11T09:32:02","guid":{"rendered":"http:\/\/stiftundpapier.de\/portfolio\/?post_type=product&#038;p=23293"},"modified":"2025-05-04T14:07:25","modified_gmt":"2025-05-04T12:07:25","slug":"das-meeresabenteuer","status":"publish","type":"product","link":"https:\/\/stiftundpapier.de\/en\/product\/das-meeresabenteuer\/","title":{"rendered":"The adventures of the Sea"},"content":{"rendered":"<div class=\"translated user-markdown\">\n<h2>F\u00fcr kleine Seem\u00e4nner und gro\u00dfe Abenteurer<\/h2>\n<h2><\/h2>\n<p>&nbsp;<\/p>\n<p>\u2022 reproduction of my original illustration<br \/>\n\u2022 Suitable as a postcard or framed picture<br \/>\n\u2022 Size: 10.5 x 14.8 cm<br \/>\n\u2022 printed on high-quality 350 g coated cardboard<br \/>\n\u2022 Finished on one side with matt varnish<\/p>\n<p>&nbsp;<\/p>\n<p>&nbsp;<\/p>\n<p><strong>Materials used:<\/strong><\/p>\n<div class=\"attribute-group\">\n<div class=\"material user-markdown\">\n<p class=\"headline-100\">Watercolour and coloured pencils in the original illustration.<br \/>\n350-gram chromo board and matt varnish for the postcard.<\/p>\n<\/div>\n<p>&nbsp;<\/p>\n<div class=\"manufacturing user-markdown\">\n<p class=\"headline-100\"><strong>Production method<\/strong><\/p>\n<p>The illustration was hand drawn by me and then printed on high quality 350 gram cardboard.<br \/>\nThe cards are finished with a one-sided matt varnish.<\/p>\n<p>&nbsp;<\/p>\n<p>&nbsp;<\/p>\n<p>&nbsp;<\/p>\n<p>&nbsp;<\/p>\n<p><strong>Angaben entsprechend der Produktsicherheitsverordnung (GPSR):\u2028<\/strong><\/p>\n<p>Herstellerin: Martina Hoffmann \u2013 Kunst und Keramik<br \/>\nKontakt: Martina Hoffmann c\/o Hoffmann KBN, Riestedterstra\u00dfe 61, 06526 Sangerhausen<br \/>\nEmail: hallo@stiftundpapier.de<\/p>\n<p>Produktname: Das Meeresabenteuer<br \/>\nArtikelnummer: PK_Meeresabenteuer<br \/>\nSicherheitshinweis: Dieses Produkt ist nicht f\u00fcr Kinder unter 3 Jahren geeignet.<\/p>\n<\/div>\n<\/div>\n<\/div>","protected":false},"excerpt":{"rendered":"<p>&nbsp;<\/p>\n<p><strong>Postkarte &#8220;Das Meeresabenteuer&#8221;<\/strong><br \/>\nFormat Din A6 (148 x 105 mm)<br \/>\n350-Gramm-Chromokarton<\/p>\n<p>&nbsp;<\/p>","protected":false},"featured_media":23269,"template":"","meta":[],"product_cat":[6,533],"product_tag":[323,331,403,364,410,363,490,491],"_links":{"self":[{"href":"https:\/\/stiftundpapier.de\/en\/wp-json\/wp\/v2\/product\/23293"}],"collection":[{"href":"https:\/\/stiftundpapier.de\/en\/wp-json\/wp\/v2\/product"}],"about":[{"href":"https:\/\/stiftundpapier.de\/en\/wp-json\/wp\/v2\/types\/product"}],"wp:featuredmedia":[{"embeddable":true,"href":"https:\/\/stiftundpapier.de\/en\/wp-json\/wp\/v2\/media\/23269"}],"wp:attachment":[{"href":"https:\/\/stiftundpapier.de\/en\/wp-json\/wp\/v2\/media?parent=23293"}],"wp:term":[{"taxonomy":"product_cat","embeddable":true,"href":"https:\/\/stiftundpapier.de\/en\/wp-json\/wp\/v2\/product_cat?post=23293"},{"taxonomy":"product_tag","embeddable":true,"href":"https:\/\/stiftundpapier.de\/en\/wp-json\/wp\/v2\/product_tag?post=23293"}],"curies":[{"name":"wp","href":"https:\/\/api.w.org\/{rel}","templated":true}]}}