{"id":24995,"date":"2021-10-18T16:57:32","date_gmt":"2021-10-18T14:57:32","guid":{"rendered":"https:\/\/stiftundpapier.de\/?post_type=product&#038;p=24995"},"modified":"2024-12-13T09:34:18","modified_gmt":"2024-12-13T08:34:18","slug":"freundebuch-meine-besten-freunde","status":"publish","type":"product","link":"https:\/\/stiftundpapier.de\/en\/product\/freundebuch-meine-besten-freunde\/","title":{"rendered":"Freundebuch &#8220;Meine besten Freunde&#8221;"},"content":{"rendered":"<div class=\"c c-main c-main-inner\">\n<div class=\"product-infotext lc-base\">Ein fr\u00f6hlich illustriertes Album, das Platz bietet f\u00fcr alle Freunde, egal, ob man sie aus Kita, Schule oder Sportverein kennt. Unter Rubriken wie \u00bbDas kann ich richtig gut\u00ab oder \u00bbDas m\u00f6chte ich noch lernen\u00ab l\u00e4dt jede Doppelseite ein, etwas \u00fcber sich zu erz\u00e4hlen. Gefragt wird nicht nur nach Lieblingsbesch\u00e4ftigung und -farbe, sondern augenzwinkernd auch danach, ob die Haare gerade \u00bbzerzaust oder gek\u00e4mmt\u00ab sind. Die bunte Mischung aus Ankreuz-, Eintrag- und Ausmalm\u00f6glichkeiten macht das Ausf\u00fcllen zum Vergn\u00fcgen! Und in der Mitte des Buches k\u00f6nnen sich alle Freunde auf einem gro\u00dfen Bild verewigen &#8230; Garantiert seitenweise Spa\u00df beim Gestalten!<\/div>\n<\/div>\n<p>&nbsp;<\/p>\n<p>Mit fr\u00f6hlichen Illustrationen von Martina Hoffmann<\/p>\n<p>&nbsp;<\/p>\n<p>&nbsp;<\/p>\n<p>kizz in Herder<br \/>\n1. Auflage 2020<br \/>\nGebunden<br \/>\n80 Seiten<br \/>\nISBN: 978-3-451-71588-4<\/p>\n<p>&nbsp;<\/p>\n<p>&nbsp;<\/p>\n<p><strong>Angaben entsprechend der Produktsicherheitsverordnung (GPSR):\u2028<\/strong><\/p>\n<p>Hersteller: Verlag Herder GmbH<br \/>\nKontakt: Verlag Herder GmbH, Hermann-Herder-Str. 4, 79104 Freiburg<br \/>\nHotline: <a title=\"Hotline anrufen\" href=\"tel: 497612717300\">+49 761 2717300<\/a><br \/>\nFax: +49 761 2717360<br \/>\nMail: <a href=\"mailto:kundenservice@herder.de\">kundenservice@herder.de<\/a><\/p>\n<p>Produktname: Meine besten Freunde<br \/>\nArtikelnummer: buch_meinebestenfreunde<br \/>\nSicherheitshinweis: Dieses Produkt ist nicht f\u00fcr Kinder unter 3 Jahren geeignet.<\/p>","protected":false},"excerpt":{"rendered":"<p>Meine besten Freunde, 80 Seiten, Herder Verlag<\/p>","protected":false},"featured_media":24933,"template":"","meta":[],"product_cat":[539,504],"product_tag":[],"_links":{"self":[{"href":"https:\/\/stiftundpapier.de\/en\/wp-json\/wp\/v2\/product\/24995"}],"collection":[{"href":"https:\/\/stiftundpapier.de\/en\/wp-json\/wp\/v2\/product"}],"about":[{"href":"https:\/\/stiftundpapier.de\/en\/wp-json\/wp\/v2\/types\/product"}],"wp:featuredmedia":[{"embeddable":true,"href":"https:\/\/stiftundpapier.de\/en\/wp-json\/wp\/v2\/media\/24933"}],"wp:attachment":[{"href":"https:\/\/stiftundpapier.de\/en\/wp-json\/wp\/v2\/media?parent=24995"}],"wp:term":[{"taxonomy":"product_cat","embeddable":true,"href":"https:\/\/stiftundpapier.de\/en\/wp-json\/wp\/v2\/product_cat?post=24995"},{"taxonomy":"product_tag","embeddable":true,"href":"https:\/\/stiftundpapier.de\/en\/wp-json\/wp\/v2\/product_tag?post=24995"}],"curies":[{"name":"wp","href":"https:\/\/api.w.org\/{rel}","templated":true}]}}