{"id":24996,"date":"2021-10-18T17:16:07","date_gmt":"2021-10-18T15:16:07","guid":{"rendered":"https:\/\/stiftundpapier.de\/?post_type=product&#038;p=24996"},"modified":"2024-09-16T19:16:48","modified_gmt":"2024-09-16T17:16:48","slug":"kinderbuch-mein-total-verrueckter-schultag","status":"publish","type":"product","link":"https:\/\/stiftundpapier.de\/en\/product\/kinderbuch-mein-total-verrueckter-schultag\/","title":{"rendered":"Children's book \"My totally crazy school day\""},"content":{"rendered":"<div class=\"c c-main c-main-inner\">\n<div class=\"product-infotext lc-base\">\n<div class=\"c c-main c-main-inner\">\n<div class=\"product-infotext lc-base\">\n<h4>Einmal selbst der Star der Geschichte sein!<\/h4>\n<p>&nbsp;<\/p>\n<p>In diesem verr\u00fcckten Abenteuer ist der Leser oder die Leserin die Hauptfigur! Jeder liest hier seine ganz pers\u00f6nliche Geschichte, denn in diesem Buch kann man sich und seine Freunde mitten ins Geschehen hineinschreiben und -malen. Nicht nur der eigene Name, sondern auch die Namen von Freund\/in und Lehrer\/in k\u00f6nnen erg\u00e4nzt werden. Wer m\u00f6chte, kann ein Foto von sich und der Schule einkleben. Einige Teile der Geschichte kann man mitbestimmen, indem man aus verschiedenen M\u00f6glichkeiten ausw\u00e4hlt: An welchem Tag soll das Abenteuer stattfinden? Um welche Uhrzeit? Welche Instrumente spielen die Schulkinder? Welchen Sport machen sie am liebsten? Und wonach riecht es hier eigentlich &#8230;? Es warten viele M\u00f6glichkeiten, Seite f\u00fcr Seite! Ein kunterbunter, interaktiver Lese- und Mitmachspa\u00df!<\/p>\n<\/div>\n<\/div>\n<\/div>\n<\/div>\n<p>&nbsp;<\/p>\n<p>Mit fr\u00f6hlichen Illustrationen von Martina Hoffmann<\/p>\n<p>&nbsp;<\/p>\n<p>&nbsp;<\/p>\n<p>kizz in Herder<br \/>\n1. Auflage 2020<br \/>\nGebunden<br \/>\n32 Seiten<br \/>\nISBN: 978-3-451-71589-1<\/p>","protected":false},"excerpt":{"rendered":"<p>Mein total verr\u00fcckter Schultag, 32 Seiten, Herder Verlag<\/p>","protected":false},"featured_media":24959,"template":"","meta":[],"product_cat":[539],"product_tag":[],"_links":{"self":[{"href":"https:\/\/stiftundpapier.de\/en\/wp-json\/wp\/v2\/product\/24996"}],"collection":[{"href":"https:\/\/stiftundpapier.de\/en\/wp-json\/wp\/v2\/product"}],"about":[{"href":"https:\/\/stiftundpapier.de\/en\/wp-json\/wp\/v2\/types\/product"}],"wp:featuredmedia":[{"embeddable":true,"href":"https:\/\/stiftundpapier.de\/en\/wp-json\/wp\/v2\/media\/24959"}],"wp:attachment":[{"href":"https:\/\/stiftundpapier.de\/en\/wp-json\/wp\/v2\/media?parent=24996"}],"wp:term":[{"taxonomy":"product_cat","embeddable":true,"href":"https:\/\/stiftundpapier.de\/en\/wp-json\/wp\/v2\/product_cat?post=24996"},{"taxonomy":"product_tag","embeddable":true,"href":"https:\/\/stiftundpapier.de\/en\/wp-json\/wp\/v2\/product_tag?post=24996"}],"curies":[{"name":"wp","href":"https:\/\/api.w.org\/{rel}","templated":true}]}}