{"id":25125,"date":"2021-10-17T23:16:08","date_gmt":"2021-10-17T21:16:08","guid":{"rendered":"https:\/\/stiftundpapier.de\/?post_type=product&#038;p=25125"},"modified":"2022-12-19T11:49:33","modified_gmt":"2022-12-19T10:49:33","slug":"orchidee-kunstdruck-a4","status":"publish","type":"product","link":"https:\/\/stiftundpapier.de\/en\/product\/orchidee-kunstdruck-a4\/","title":{"rendered":"Orchid \u2013 Art print"},"content":{"rendered":"<div class=\"translated user-markdown\">\n<p>Dies ist eine Reproduktion meiner botanischen Federzeichnung eines Zweiges mit farbenpr\u00e4chtigen Bl\u00fcten. Sie erinnern an Orchideenbl\u00fcten und entspringen meiner Phantasie.<\/p>\n<\/div>\n<p>&nbsp;<\/p>\n<div><\/div>\n<div class=\"translated user-markdown\">Gedruckt wurde sie auf einem 240 g Feinstkarton in Altwei\u00df mit strukturierter Oberfl\u00e4che. Dadurch ist der Druck sehr edel und hochwertig. Alle Drucke sind mit einer Signatur versehen.<\/div>\n<p>&nbsp;<\/p>\n<div class=\"translated user-markdown\">Der Druck ist 21 x 29,7 cm gro\u00df (Din A4).<\/div>\n<div class=\"translated user-markdown\">The passe-partout and the frame are not included in the price.<\/div>\n<div class=\"translated user-markdown\">\n<p>&nbsp;<\/p>\n<\/div>\n<div><\/div>\n<div class=\"translated user-markdown\">\n<p>I ship securely packed in an extra sturdy cardboard envelope.<\/p>\n<\/div>","protected":false},"excerpt":{"rendered":"<p>&nbsp;<\/p>\n<p><strong>Botanische Zeichnung &#8220;Orchidee&#8221;<br \/>\n<\/strong>Format Din A4 (210 x 297 mm)<br \/>\n240-Gramm Feinstkarton, Altwei\u00df<\/p>\n<p>&nbsp;<\/p>\n<p>&nbsp;<\/p>","protected":false},"featured_media":25119,"template":"","meta":[],"product_cat":[499],"product_tag":[],"_links":{"self":[{"href":"https:\/\/stiftundpapier.de\/en\/wp-json\/wp\/v2\/product\/25125"}],"collection":[{"href":"https:\/\/stiftundpapier.de\/en\/wp-json\/wp\/v2\/product"}],"about":[{"href":"https:\/\/stiftundpapier.de\/en\/wp-json\/wp\/v2\/types\/product"}],"wp:featuredmedia":[{"embeddable":true,"href":"https:\/\/stiftundpapier.de\/en\/wp-json\/wp\/v2\/media\/25119"}],"wp:attachment":[{"href":"https:\/\/stiftundpapier.de\/en\/wp-json\/wp\/v2\/media?parent=25125"}],"wp:term":[{"taxonomy":"product_cat","embeddable":true,"href":"https:\/\/stiftundpapier.de\/en\/wp-json\/wp\/v2\/product_cat?post=25125"},{"taxonomy":"product_tag","embeddable":true,"href":"https:\/\/stiftundpapier.de\/en\/wp-json\/wp\/v2\/product_tag?post=25125"}],"curies":[{"name":"wp","href":"https:\/\/api.w.org\/{rel}","templated":true}]}}