{"id":25494,"date":"2022-10-31T16:06:39","date_gmt":"2022-10-31T15:06:39","guid":{"rendered":"https:\/\/stiftundpapier.de\/?post_type=product&#038;p=25494"},"modified":"2023-03-13T21:12:53","modified_gmt":"2023-03-13T20:12:53","slug":"becher-mit-zeichnung","status":"publish","type":"product","link":"https:\/\/stiftundpapier.de\/en\/product\/becher-mit-zeichnung\/","title":{"rendered":"Becher mit Zeichnung"},"content":{"rendered":"<p><strong>Becher mit einer Zeichnung von einer Landschaft<\/strong><\/p>\n<p>&nbsp;<\/p>\n<p>Material: high firing clay<br \/>\nH\u00f6he: 7,5 cm<br \/>\nDurchmesser: ca. 8.5 cm<br \/>\nFilling quantity: approx. 250 ml<br \/>\nCare instructions: suitable for the dishwasher<\/p>\n<p>&nbsp;<\/p>\n<p>&nbsp;<\/p>\n<p>Meine Keramik ist 100% Handarbeit. Ich habe diesen Becher an meiner T\u00f6pferscheibe gedreht. Nach dem Trocknen habe ich ihn mit schwarzer Engobe bemalt und das Motiv in den Ton geritzt. Danach wurde er gebrannt, dann mit einer matten Transparenzglasur \u00fcberzogen und ein zweites mal bei 1.240 Grad gebrannt. Der Becher ist ein Einzelst\u00fcck. Leichte Unregelm\u00e4\u00dfigkeiten in Form und Glasurauftrag sind herstellungsbedingt.<\/p>\n<p>&nbsp;<\/p>\n<p>Dieser Becher ist s\u00e4ure- und sp\u00fclmaschinenbest\u00e4ndig. Da Sp\u00fclmaschinenwaschmittel aber ziemlich aggressiv sein kann, empfehle ich, die St\u00fccke mit der Hand zu sp\u00fclen, damit du viele Jahre Freude an ihnen hast.<\/p>\n<p>&nbsp;<\/p>","protected":false},"excerpt":{"rendered":"<p>Becher mit Landschaftszeichnung, ca. 250 ml<\/p>","protected":false},"featured_media":25943,"template":"","meta":[],"product_cat":[542,541],"product_tag":[],"_links":{"self":[{"href":"https:\/\/stiftundpapier.de\/en\/wp-json\/wp\/v2\/product\/25494"}],"collection":[{"href":"https:\/\/stiftundpapier.de\/en\/wp-json\/wp\/v2\/product"}],"about":[{"href":"https:\/\/stiftundpapier.de\/en\/wp-json\/wp\/v2\/types\/product"}],"wp:featuredmedia":[{"embeddable":true,"href":"https:\/\/stiftundpapier.de\/en\/wp-json\/wp\/v2\/media\/25943"}],"wp:attachment":[{"href":"https:\/\/stiftundpapier.de\/en\/wp-json\/wp\/v2\/media?parent=25494"}],"wp:term":[{"taxonomy":"product_cat","embeddable":true,"href":"https:\/\/stiftundpapier.de\/en\/wp-json\/wp\/v2\/product_cat?post=25494"},{"taxonomy":"product_tag","embeddable":true,"href":"https:\/\/stiftundpapier.de\/en\/wp-json\/wp\/v2\/product_tag?post=25494"}],"curies":[{"name":"wp","href":"https:\/\/api.w.org\/{rel}","templated":true}]}}