{"id":25503,"date":"2022-10-31T16:27:31","date_gmt":"2022-10-31T15:27:31","guid":{"rendered":"https:\/\/stiftundpapier.de\/?post_type=product&#038;p=25503"},"modified":"2023-03-13T21:12:52","modified_gmt":"2023-03-13T20:12:52","slug":"becher-grau","status":"publish","type":"product","link":"https:\/\/stiftundpapier.de\/en\/product\/becher-grau\/","title":{"rendered":"Becher &#8211; Grau"},"content":{"rendered":"<p><strong>Becher mit einer wundersch\u00f6nen, effektvollen grauen Glasur<br \/>\n<\/strong><\/p>\n<p>&nbsp;<\/p>\n<p>Material: high firing clay<br \/>\nH\u00f6he: 7.5 cm<br \/>\nDurchmesser: ca. 7.5 cm<br \/>\nFilling quantity: approx. 250 ml<br \/>\nCare instructions: suitable for the dishwasher<\/p>\n<p>&nbsp;<\/p>\n<p>My ceramics are 100% handmade. I turned this mug on my potter's wheel, glazed it after the first firing and then fired it a second time at 1,240\u00b0C.<\/p>\n<p>&nbsp;<\/p>\n<p>Dieser Becher ist s\u00e4ure- und sp\u00fclmaschinenbest\u00e4ndig. Da Sp\u00fclmaschinenwaschmittel aber ziemlich aggressiv sein kann, empfehle ich, die St\u00fccke mit der Hand zu sp\u00fclen, damit du viele Jahre Freude an ihnen hast.<\/p>\n<p>&nbsp;<\/p>","protected":false},"excerpt":{"rendered":"<p>Becher, Grau, ca. 250 ml<\/p>","protected":false},"featured_media":26235,"template":"","meta":[],"product_cat":[542,541],"product_tag":[],"_links":{"self":[{"href":"https:\/\/stiftundpapier.de\/en\/wp-json\/wp\/v2\/product\/25503"}],"collection":[{"href":"https:\/\/stiftundpapier.de\/en\/wp-json\/wp\/v2\/product"}],"about":[{"href":"https:\/\/stiftundpapier.de\/en\/wp-json\/wp\/v2\/types\/product"}],"wp:featuredmedia":[{"embeddable":true,"href":"https:\/\/stiftundpapier.de\/en\/wp-json\/wp\/v2\/media\/26235"}],"wp:attachment":[{"href":"https:\/\/stiftundpapier.de\/en\/wp-json\/wp\/v2\/media?parent=25503"}],"wp:term":[{"taxonomy":"product_cat","embeddable":true,"href":"https:\/\/stiftundpapier.de\/en\/wp-json\/wp\/v2\/product_cat?post=25503"},{"taxonomy":"product_tag","embeddable":true,"href":"https:\/\/stiftundpapier.de\/en\/wp-json\/wp\/v2\/product_tag?post=25503"}],"curies":[{"name":"wp","href":"https:\/\/api.w.org\/{rel}","templated":true}]}}