{"id":25598,"date":"2022-11-14T13:44:43","date_gmt":"2022-11-14T12:44:43","guid":{"rendered":"https:\/\/stiftundpapier.de\/?post_type=product&#038;p=25598"},"modified":"2023-03-27T11:22:30","modified_gmt":"2023-03-27T09:22:30","slug":"kaennchen-weiss-und-petrol","status":"publish","type":"product","link":"https:\/\/stiftundpapier.de\/en\/product\/kaennchen-weiss-und-petrol\/","title":{"rendered":"K\u00e4nnchen &#8211; Wei\u00df und Petrol"},"content":{"rendered":"<p><strong>Handgefertigtes K\u00e4nnchen<\/strong><\/p>\n<p>&nbsp;<\/p>\n<p>Material: high firing clay<br \/>\nGlasurfarbe: gebrochenes Wei\u00df und Petrol<br \/>\nH\u00f6he: ca. 9,5 cm<br \/>\nDurchmesser: ca. 7,5 cm<br \/>\nF\u00fcllmenge: ca. 280 ml<br \/>\nCare instructions: suitable for the dishwasher<\/p>\n<p>&nbsp;<\/p>\n<p><strong>Der Preis gilt f\u00fcr ein K\u00e4nnchen (1 St\u00fcck) aus dieser Serie.<br \/>\n<\/strong><strong><br \/>\n<\/strong><\/p>\n<p>The pictures show exemplary pieces of the series.<br \/>\nEach piece is unique. Slight out-of-roundness and deviations in shape, size and colour are in the nature of handwork and are due to the manufacturing process.<strong>Auch sch\u00f6n als Set zu den passenden Bechern und Tassen (siehe letzte Abbildung).<\/strong><\/p>\n<p>&nbsp;<\/p>\n<p>Meine Keramik ist 100% Handarbeit. Ich habe dieses K\u00e4nnchen an meiner T\u00f6pferscheibe gedreht, nach dem ersten Brand glasiert und anschlie\u00dfend bei 1240\u00b0C ein zweites Mal gebrannt.<\/p>\n<p>&nbsp;<\/p>\n<p>Die K\u00e4nnchen sind s\u00e4ure- und sp\u00fclmaschinenbest\u00e4ndig. Da Sp\u00fclmaschinenwaschmittel aber ziemlich aggressiv sein kann, empfehle ich, die St\u00fccke mit der Hand zu sp\u00fclen, damit du viele Jahre Freude an ihnen hast.<\/p>","protected":false},"excerpt":{"rendered":"<p>K\u00e4nnchen &#8211; Wei\u00df und Petrol, ca. 280 ml<\/p>","protected":false},"featured_media":25848,"template":"","meta":[],"product_cat":[545,541],"product_tag":[],"_links":{"self":[{"href":"https:\/\/stiftundpapier.de\/en\/wp-json\/wp\/v2\/product\/25598"}],"collection":[{"href":"https:\/\/stiftundpapier.de\/en\/wp-json\/wp\/v2\/product"}],"about":[{"href":"https:\/\/stiftundpapier.de\/en\/wp-json\/wp\/v2\/types\/product"}],"wp:featuredmedia":[{"embeddable":true,"href":"https:\/\/stiftundpapier.de\/en\/wp-json\/wp\/v2\/media\/25848"}],"wp:attachment":[{"href":"https:\/\/stiftundpapier.de\/en\/wp-json\/wp\/v2\/media?parent=25598"}],"wp:term":[{"taxonomy":"product_cat","embeddable":true,"href":"https:\/\/stiftundpapier.de\/en\/wp-json\/wp\/v2\/product_cat?post=25598"},{"taxonomy":"product_tag","embeddable":true,"href":"https:\/\/stiftundpapier.de\/en\/wp-json\/wp\/v2\/product_tag?post=25598"}],"curies":[{"name":"wp","href":"https:\/\/api.w.org\/{rel}","templated":true}]}}