{"id":25606,"date":"2022-11-14T14:03:24","date_gmt":"2022-11-14T13:03:24","guid":{"rendered":"https:\/\/stiftundpapier.de\/?post_type=product&#038;p=25606"},"modified":"2023-03-13T21:12:52","modified_gmt":"2023-03-13T20:12:52","slug":"kaennchen-effektvolles-grau","status":"publish","type":"product","link":"https:\/\/stiftundpapier.de\/en\/product\/kaennchen-effektvolles-grau\/","title":{"rendered":"K\u00e4nnchen &#8211; effektvolles Grau"},"content":{"rendered":"<p><strong>Handgefertigtes K\u00e4nnchen<\/strong><\/p>\n<p>&nbsp;<\/p>\n<p>Material: high firing clay<br \/>\nGlasurfarbe: effektvolles Grau<br \/>\nHeight: 10 cm<br \/>\nDurchmesser: ca. 8,5 cm<br \/>\nFilling quantity: approx. 330 ml<br \/>\nCare instructions: suitable for the dishwasher<\/p>\n<p>&nbsp;<\/p>\n<p>Meine Keramik ist 100% Handarbeit. Ich habe dieses K\u00e4nnchen an meiner T\u00f6pferscheibe gedreht, nach dem ersten Brand glasiert und anschlie\u00dfend bei 1240\u00b0C ein zweites Mal gebrannt. Jedes Teil ist ein Einzelst\u00fcck. Leichte Unrundheiten und Abweichungen in Form, Gr\u00f6\u00dfe und Farbe liegen in der Natur der Handarbeit und sind herstellungsbedingt.<\/p>\n<p>&nbsp;<\/p>\n<p>Die K\u00e4nnchen sind s\u00e4ure- und sp\u00fclmaschinenbest\u00e4ndig. Da Sp\u00fclmaschinenwaschmittel aber ziemlich aggressiv sein kann, empfehle ich, die St\u00fccke mit der Hand zu sp\u00fclen, damit du viele Jahre Freude an ihnen hast.<\/p>","protected":false},"excerpt":{"rendered":"<p>K\u00e4nnchen &#8211; Grau, ca. 330 ml<\/p>","protected":false},"featured_media":26123,"template":"","meta":[],"product_cat":[545,541],"product_tag":[],"_links":{"self":[{"href":"https:\/\/stiftundpapier.de\/en\/wp-json\/wp\/v2\/product\/25606"}],"collection":[{"href":"https:\/\/stiftundpapier.de\/en\/wp-json\/wp\/v2\/product"}],"about":[{"href":"https:\/\/stiftundpapier.de\/en\/wp-json\/wp\/v2\/types\/product"}],"wp:featuredmedia":[{"embeddable":true,"href":"https:\/\/stiftundpapier.de\/en\/wp-json\/wp\/v2\/media\/26123"}],"wp:attachment":[{"href":"https:\/\/stiftundpapier.de\/en\/wp-json\/wp\/v2\/media?parent=25606"}],"wp:term":[{"taxonomy":"product_cat","embeddable":true,"href":"https:\/\/stiftundpapier.de\/en\/wp-json\/wp\/v2\/product_cat?post=25606"},{"taxonomy":"product_tag","embeddable":true,"href":"https:\/\/stiftundpapier.de\/en\/wp-json\/wp\/v2\/product_tag?post=25606"}],"curies":[{"name":"wp","href":"https:\/\/api.w.org\/{rel}","templated":true}]}}