{"id":25614,"date":"2022-11-14T14:45:47","date_gmt":"2022-11-14T13:45:47","guid":{"rendered":"https:\/\/stiftundpapier.de\/?post_type=product&#038;p=25614"},"modified":"2023-03-13T21:12:52","modified_gmt":"2023-03-13T20:12:52","slug":"becher-weiss-und-petrol","status":"publish","type":"product","link":"https:\/\/stiftundpapier.de\/en\/product\/becher-weiss-und-petrol\/","title":{"rendered":"Becher, Wei\u00df und Petrol"},"content":{"rendered":"<p><strong>Handgefertigter Becher aus Keramik, wei\u00df und petrol, handmade<\/strong><\/p>\n<p>&nbsp;<\/p>\n<p>Material: high firing clay<br \/>\nGlasur: gebrochenes Wei\u00df und Petrol mit br\u00e4unlichen Effekten<br \/>\nHeight: 9 cm<br \/>\nDiametre: 7.5 cm<br \/>\nFilling quantity: approx. 250 ml<br \/>\nCare instructions: suitable for the dishwasher<\/p>\n<p>&nbsp;<\/p>\n<p><strong>The price is for a mug (1 piece) from this series.<br \/>\n<\/strong><strong><br \/>\n<\/strong><\/p>\n<p>The pictures show exemplary pieces of the series.<br \/>\nEach piece is unique. Slight out-of-roundness and deviations in shape, size and colour are in the nature of handwork and are due to the manufacturing process.<br \/>\n<strong>Wonderful also as a set with the fitting cup and jug (see last picture).<\/strong><\/p>\n<p>&nbsp;<\/p>\n<p>My ceramics are 100% handmade. I turned this mug on my potter's wheel, glazed it after the first firing and then fired it a second time at 1,240\u00b0C.<\/p>\n<p>&nbsp;<\/p>\n<p>Dieser Becher ist s\u00e4ure- und sp\u00fclmaschinenbest\u00e4ndig. Da Sp\u00fclmaschinenwaschmittel aber ziemlich aggressiv sein kann, empfehle ich, die St\u00fccke mit der Hand zu sp\u00fclen, damit du viele Jahre Freude an ihnen hast.<\/p>\n<p>&nbsp;<\/p>","protected":false},"excerpt":{"rendered":"<p>Becher, Wei\u00df und Petrol, ca. 250 ml<\/p>","protected":false},"featured_media":26003,"template":"","meta":[],"product_cat":[542,541],"product_tag":[],"_links":{"self":[{"href":"https:\/\/stiftundpapier.de\/en\/wp-json\/wp\/v2\/product\/25614"}],"collection":[{"href":"https:\/\/stiftundpapier.de\/en\/wp-json\/wp\/v2\/product"}],"about":[{"href":"https:\/\/stiftundpapier.de\/en\/wp-json\/wp\/v2\/types\/product"}],"wp:featuredmedia":[{"embeddable":true,"href":"https:\/\/stiftundpapier.de\/en\/wp-json\/wp\/v2\/media\/26003"}],"wp:attachment":[{"href":"https:\/\/stiftundpapier.de\/en\/wp-json\/wp\/v2\/media?parent=25614"}],"wp:term":[{"taxonomy":"product_cat","embeddable":true,"href":"https:\/\/stiftundpapier.de\/en\/wp-json\/wp\/v2\/product_cat?post=25614"},{"taxonomy":"product_tag","embeddable":true,"href":"https:\/\/stiftundpapier.de\/en\/wp-json\/wp\/v2\/product_tag?post=25614"}],"curies":[{"name":"wp","href":"https:\/\/api.w.org\/{rel}","templated":true}]}}