{"id":25618,"date":"2018-11-14T16:00:59","date_gmt":"2018-11-14T15:00:59","guid":{"rendered":"https:\/\/stiftundpapier.de\/?post_type=product&#038;p=25618"},"modified":"2026-01-23T06:50:18","modified_gmt":"2026-01-23T05:50:18","slug":"kaffeebecher-braun","status":"publish","type":"product","link":"https:\/\/stiftundpapier.de\/en\/product\/kaffeebecher-braun\/","title":{"rendered":"Kaffeebecher Braun"},"content":{"rendered":"<p><strong>Handgefertigter Kaffeebecher aus Keramik<\/strong><\/p>\n<p>&nbsp;<\/p>\n<p>Material: high firing clay<br \/>\nGlasur: sch\u00f6n texturiertes Braun mit gr\u00e4ulichen Effekten<br \/>\nH\u00f6he: 7,5 cm<br \/>\nDiametre: 7.5 cm<br \/>\nF\u00fcllmenge: ca. 200 ml<br \/>\nCare instructions: suitable for the dishwasher<\/p>\n<p>&nbsp;<\/p>\n<p><strong>The price is for a mug (1 piece) from this series.<br \/>\n<\/strong><strong><br \/>\n<\/strong><\/p>\n<p>The pictures show exemplary pieces of the series.<br \/>\nEach piece is unique. Slight out-of-roundness and deviations in shape, size and colour are in the nature of handwork and are due to the manufacturing process.<\/p>\n<p>&nbsp;<\/p>\n<p>My ceramics are 100% handmade. I turned this mug on my potter's wheel, glazed it after the first firing and then fired it a second time at 1,240\u00b0C.<\/p>\n<p>&nbsp;<\/p>\n<p>Dieser Becher ist s\u00e4ure- und sp\u00fclmaschinenbest\u00e4ndig. Da Sp\u00fclmaschinenwaschmittel aber ziemlich aggressiv sein kann, empfehle ich, die St\u00fccke mit der Hand zu sp\u00fclen, damit du viele Jahre Freude an ihnen hast.<\/p>\n<p>&nbsp;<\/p>","protected":false},"excerpt":{"rendered":"<p>Kaffeebecher braun, ca. 200 ml<\/p>","protected":false},"featured_media":25998,"template":"","meta":[],"product_cat":[542,541],"product_tag":[],"_links":{"self":[{"href":"https:\/\/stiftundpapier.de\/en\/wp-json\/wp\/v2\/product\/25618"}],"collection":[{"href":"https:\/\/stiftundpapier.de\/en\/wp-json\/wp\/v2\/product"}],"about":[{"href":"https:\/\/stiftundpapier.de\/en\/wp-json\/wp\/v2\/types\/product"}],"wp:featuredmedia":[{"embeddable":true,"href":"https:\/\/stiftundpapier.de\/en\/wp-json\/wp\/v2\/media\/25998"}],"wp:attachment":[{"href":"https:\/\/stiftundpapier.de\/en\/wp-json\/wp\/v2\/media?parent=25618"}],"wp:term":[{"taxonomy":"product_cat","embeddable":true,"href":"https:\/\/stiftundpapier.de\/en\/wp-json\/wp\/v2\/product_cat?post=25618"},{"taxonomy":"product_tag","embeddable":true,"href":"https:\/\/stiftundpapier.de\/en\/wp-json\/wp\/v2\/product_tag?post=25618"}],"curies":[{"name":"wp","href":"https:\/\/api.w.org\/{rel}","templated":true}]}}