{"id":25815,"date":"2018-12-01T13:15:16","date_gmt":"2018-12-01T12:15:16","guid":{"rendered":"https:\/\/stiftundpapier.de\/?post_type=product&#038;p=25815"},"modified":"2025-03-31T16:08:39","modified_gmt":"2025-03-31T14:08:39","slug":"becher-braun-und-seidenglaenzendes-schwarz-03","status":"publish","type":"product","link":"https:\/\/stiftundpapier.de\/en\/product\/becher-braun-und-seidenglaenzendes-schwarz-03\/","title":{"rendered":"Becher \u2013 Braun und seidengl\u00e4nzendes Schwarz 03"},"content":{"rendered":"<p><strong>Handgefertigte Becher \u2013 Braun und seidengl\u00e4nzendes Schwarz<\/strong><br \/>\naus braunem Ton mit einer seidengl\u00e4nzend schwarzen Glasur mit feinen kristallinen Effekten.<\/p>\n<p>&nbsp;<\/p>\n<p>Material: earthenware<br \/>\nGlasur: seidengl\u00e4nzendes Schwarz mit kristallinen Effekten<br \/>\nHinweis: unrunde Form<br \/>\nH\u00f6he: ca. 8,5 \u2013 9 cm<br \/>\nDiameter: 9 cm<br \/>\nF\u00fcllmenge: ca. 400 ml<br \/>\nPflegehinweis: Sp\u00fclmaschinenbest\u00e4ndig<\/p>\n<p>&nbsp;<\/p>\n<p><strong>The price is for a mug (1 piece) from this series.<\/strong><\/p>\n<p>&nbsp;<\/p>\n<p>Die Bilder zeigen ausgew\u00e4hlte St\u00fccke der Serie. Jedes Teil ist ein Einzelst\u00fcck.<br \/>\nAbweichungen in Gr\u00f6\u00dfe und Farbe liegen in der Natur der Handarbeit.<br \/>\nLeichte Unregelm\u00e4\u00dfigkeiten in Form und Glasurauftrag sind herstellungsbedingt.<\/p>\n<p>&nbsp;<\/p>\n<p>My ceramics are 100% handmade. I turned these mugs on my potter's wheel, glazed them after the first firing and then fired them a second time at 1,050\u00b0C.<\/p>\n<p>&nbsp;<\/p>\n<p>This handmade ceramic mug is acid and dishwasher resistant. However, as dishwasher detergent can be quite aggressive, I recommend washing the pieces by hand so that you can enjoy them for many years.<\/p>\n<p>&nbsp;<\/p>","protected":false},"excerpt":{"rendered":"<p>Becher \u2013 Braun und seidengl\u00e4nzendes Schwarz, ca. 400 ml<\/p>","protected":false},"featured_media":25817,"template":"","meta":[],"product_cat":[542,541],"product_tag":[],"_links":{"self":[{"href":"https:\/\/stiftundpapier.de\/en\/wp-json\/wp\/v2\/product\/25815"}],"collection":[{"href":"https:\/\/stiftundpapier.de\/en\/wp-json\/wp\/v2\/product"}],"about":[{"href":"https:\/\/stiftundpapier.de\/en\/wp-json\/wp\/v2\/types\/product"}],"wp:featuredmedia":[{"embeddable":true,"href":"https:\/\/stiftundpapier.de\/en\/wp-json\/wp\/v2\/media\/25817"}],"wp:attachment":[{"href":"https:\/\/stiftundpapier.de\/en\/wp-json\/wp\/v2\/media?parent=25815"}],"wp:term":[{"taxonomy":"product_cat","embeddable":true,"href":"https:\/\/stiftundpapier.de\/en\/wp-json\/wp\/v2\/product_cat?post=25815"},{"taxonomy":"product_tag","embeddable":true,"href":"https:\/\/stiftundpapier.de\/en\/wp-json\/wp\/v2\/product_tag?post=25815"}],"curies":[{"name":"wp","href":"https:\/\/api.w.org\/{rel}","templated":true}]}}