{"id":25826,"date":"2022-12-10T13:38:17","date_gmt":"2022-12-10T12:38:17","guid":{"rendered":"https:\/\/stiftundpapier.de\/?post_type=product&#038;p=25826"},"modified":"2023-03-13T21:12:50","modified_gmt":"2023-03-13T20:12:50","slug":"tasse-brauner-ton-muschelweisse-glasur-02","status":"publish","type":"product","link":"https:\/\/stiftundpapier.de\/en\/product\/tasse-brauner-ton-muschelweisse-glasur-02\/","title":{"rendered":"Cup \u2013 brown clay, shell white glaze 02"},"content":{"rendered":"<p><strong>Handgefertigte Tasse &#8211; brauner Ton, muschelwei\u00dfe Glasur<br \/>\n<\/strong><\/p>\n<p>&nbsp;<\/p>\n<p>Material: earthenware<br \/>\nGlasur: irisierendes Wei\u00df<br \/>\nHeight: approx. 8 cm<br \/>\nDurchmesser: ca. 9,4 cm<br \/>\nFilling quantity: approx. 350 ml<br \/>\n<strong>Care instructions: Please wash by hand, not suitable for the dishwasher<\/strong><\/p>\n<p>&nbsp;<\/p>\n<p><strong>The price is for a cup (1 piece) from this series.<br \/>\nWundersch\u00f6n als Set mit den passenden Bechern (siehe letzte Abbildungen).<\/strong><strong><br \/>\n<\/strong><\/p>\n<p>&nbsp;<\/p>\n<p>The pictures show exemplary pieces of the series.<br \/>\nEach piece is unique. Slight out-of-roundness and deviations in shape, size and colour are in the nature of handwork and are due to the manufacturing process.<\/p>\n<p>&nbsp;<\/p>\n<p>My ceramics are 100% handmade. I turned these cups on my potter's wheel, glazed them after the first firing and then fired them a second time at 1,050\u00b0C.<\/p>\n<p>&nbsp;<\/p>\n<p><strong>Diese Tassen sind nicht sp\u00fclmaschinengeeignet, da die Waschlauge in der Sp\u00fclmaschine die Glasur angreift. Die St\u00fccke sollten also von Hand gesp\u00fclt werden, damit du lange Freude an Ihnen hast.<\/strong><\/p>","protected":false},"excerpt":{"rendered":"<p>Tasse &#8211; brauner Ton, muschelwei\u00dfe Glasur ca. 350 ml<\/p>","protected":false},"featured_media":25828,"template":"","meta":[],"product_cat":[541,544],"product_tag":[],"_links":{"self":[{"href":"https:\/\/stiftundpapier.de\/en\/wp-json\/wp\/v2\/product\/25826"}],"collection":[{"href":"https:\/\/stiftundpapier.de\/en\/wp-json\/wp\/v2\/product"}],"about":[{"href":"https:\/\/stiftundpapier.de\/en\/wp-json\/wp\/v2\/types\/product"}],"wp:featuredmedia":[{"embeddable":true,"href":"https:\/\/stiftundpapier.de\/en\/wp-json\/wp\/v2\/media\/25828"}],"wp:attachment":[{"href":"https:\/\/stiftundpapier.de\/en\/wp-json\/wp\/v2\/media?parent=25826"}],"wp:term":[{"taxonomy":"product_cat","embeddable":true,"href":"https:\/\/stiftundpapier.de\/en\/wp-json\/wp\/v2\/product_cat?post=25826"},{"taxonomy":"product_tag","embeddable":true,"href":"https:\/\/stiftundpapier.de\/en\/wp-json\/wp\/v2\/product_tag?post=25826"}],"curies":[{"name":"wp","href":"https:\/\/api.w.org\/{rel}","templated":true}]}}