{"id":25936,"date":"2022-12-11T00:01:54","date_gmt":"2022-12-10T23:01:54","guid":{"rendered":"https:\/\/stiftundpapier.de\/?post_type=product&#038;p=25936"},"modified":"2023-06-07T23:22:41","modified_gmt":"2023-06-07T21:22:41","slug":"b-ware-kinderkalender-2023","status":"publish","type":"product","link":"https:\/\/stiftundpapier.de\/en\/product\/b-ware-kinderkalender-2023\/","title":{"rendered":"B-Ware! Kinderkalender 2023"},"content":{"rendered":"<div class=\"translated user-markdown\">\n<div class=\"translated user-markdown\">\n<p>Hier hast du die M\u00f6glichkeit, meinen Kinderkalender 2023 zu einem stark reduzierten Preis zu bekommen. Bei dieses Exemplaren wurde jeweils eine Ecke durch den Versand eingedr\u00fcckt. Die Bilder haben dieselbe tolle Druckqualit\u00e4t und der Kalender l\u00e4sst sich einwandfrei bl\u00e4ttern. Er hat nur eben diesen kleinen Sch\u00f6nheitsmakel. Es w\u00e4re zu schade (f\u00fcr die Bilder und die Umwelt), wenn diese Exemplare nicht auch ein neues Zuhause f\u00e4nden.<br \/>\nAm Ende der Fotogalerie findest du Bilder von den eingedr\u00fcckten Stellen.<\/p>\n<p>*****<br \/>\nThis calendar with 12 imaginative illustrations full of magic, adventure and friendship is a wonderful companion for the coming year.<br \/>\nA great gift for children and for people who have kept the child in their hearts.<\/p>\n<p>It was printed on a high-quality, beautiful uncoated paper that makes the colours shine brightly. The paper is FSC certified and was produced sustainably.<\/p>\n<\/div>\n<\/div>\n<p>&nbsp;<\/p>\n<p>&nbsp;<\/p>\n<div><strong>Size and Information<\/strong><\/div>\n<p>\u2022 Format: 21 x 29,7 cm<br \/>\n\u2022 Orientation: portrait format<br \/>\n\u2022 14 pages<br \/>\n\u2022 Paper weight: 175 g\/m\u00b2<br \/>\n\u2022 Binding: spiral binding, white<br \/>\n\u2022 Language: German<br \/>\n\u2022 very nice print on a natural paper, FSC-certified<\/p>\n<p>&nbsp;<\/p>\n<p>The colours of the printed calendar may differ from the item display. Monitor representations are always somewhat richer and richer in contrast than printing on an uncoated paper.<br \/>\nI send the calendar in a very sturdy, crease-proof envelope.<\/p>\n<p>&nbsp;<\/p>\n<p>&nbsp;<\/p>\n<p>*The delivery time information applies to deliveries to Germany. For delivery times to other countries and information on calculating the delivery date, click <a title=\"ZAHLUNG UND VERSAND\" href=\"https:\/\/stiftundpapier.de\/en\/zahlung-und-versand\/\" target=\"_blank\" rel=\"noopener\">here<\/a>.<\/p>","protected":false},"excerpt":{"rendered":"<p><strong>B-Ware Kinderkalender 2023<\/strong><br \/>\nFormat DIN A4, 14 Seiten<\/p>","protected":false},"featured_media":25429,"template":"","meta":[],"product_cat":[7,504,540],"product_tag":[],"_links":{"self":[{"href":"https:\/\/stiftundpapier.de\/en\/wp-json\/wp\/v2\/product\/25936"}],"collection":[{"href":"https:\/\/stiftundpapier.de\/en\/wp-json\/wp\/v2\/product"}],"about":[{"href":"https:\/\/stiftundpapier.de\/en\/wp-json\/wp\/v2\/types\/product"}],"wp:featuredmedia":[{"embeddable":true,"href":"https:\/\/stiftundpapier.de\/en\/wp-json\/wp\/v2\/media\/25429"}],"wp:attachment":[{"href":"https:\/\/stiftundpapier.de\/en\/wp-json\/wp\/v2\/media?parent=25936"}],"wp:term":[{"taxonomy":"product_cat","embeddable":true,"href":"https:\/\/stiftundpapier.de\/en\/wp-json\/wp\/v2\/product_cat?post=25936"},{"taxonomy":"product_tag","embeddable":true,"href":"https:\/\/stiftundpapier.de\/en\/wp-json\/wp\/v2\/product_tag?post=25936"}],"curies":[{"name":"wp","href":"https:\/\/api.w.org\/{rel}","templated":true}]}}