{"id":26139,"date":"2022-12-09T23:53:56","date_gmt":"2022-12-09T22:53:56","guid":{"rendered":"https:\/\/stiftundpapier.de\/?post_type=product&#038;p=26139"},"modified":"2023-03-13T21:12:51","modified_gmt":"2023-03-13T20:12:51","slug":"kleine-dose-mit-deckel-02","status":"publish","type":"product","link":"https:\/\/stiftundpapier.de\/en\/product\/kleine-dose-mit-deckel-02\/","title":{"rendered":"Kleine Dose mit Deckel 02"},"content":{"rendered":"<p><strong>Handgefertigte kleine Dose mit Deckel<br \/>\n<\/strong>f\u00fcr Salz, Zucker oder kleine Sch\u00e4tze<strong><br \/>\n<\/strong><\/p>\n<p>&nbsp;<\/p>\n<p>Material: high firing clay<br \/>\nGlasur: dunkelblau<br \/>\nHeight: approx. 8 cm<br \/>\nDurchmesser: ca. 7 cm<br \/>\nF\u00fcllmenge: ca. 180 g<br \/>\nCare instructions: suitable for the dishwasher<\/p>\n<p>&nbsp;<\/p>\n<p>&nbsp;<\/p>\n<p>Meine Keramik ist 100% Handarbeit. Ich habe diese Dose an meiner T\u00f6pferscheibe gedreht, nach dem ersten Brand glasiert und anschlie\u00dfend bei 1.230\u00b0C ein zweites Mal gebrannt. Jedes Teil ist also ein Einzelst\u00fcck. Leichte Unregelm\u00e4\u00dfigkeiten in Form, Gr\u00f6\u00dfe und Farbe liegen in der Natur der Handarbeit und machen den besonderen Reiz der St\u00fccke aus.<\/p>\n<p>&nbsp;<\/p>\n<p>Diese handgemachte Dose aus Keramik ist s\u00e4ure- und sp\u00fclmaschinenbest\u00e4ndig. Da Sp\u00fclmaschinenwaschmittel aber ziemlich aggressiv sein kann, empfehle ich, die St\u00fccke mit der Hand zu sp\u00fclen, damit du viele Jahre Freude an ihnen hast.<\/p>","protected":false},"excerpt":{"rendered":"<p>Kleine Dose mit Deckel \u2013 Dunkelblau<\/p>","protected":false},"featured_media":26140,"template":"","meta":[],"product_cat":[549,541],"product_tag":[],"_links":{"self":[{"href":"https:\/\/stiftundpapier.de\/en\/wp-json\/wp\/v2\/product\/26139"}],"collection":[{"href":"https:\/\/stiftundpapier.de\/en\/wp-json\/wp\/v2\/product"}],"about":[{"href":"https:\/\/stiftundpapier.de\/en\/wp-json\/wp\/v2\/types\/product"}],"wp:featuredmedia":[{"embeddable":true,"href":"https:\/\/stiftundpapier.de\/en\/wp-json\/wp\/v2\/media\/26140"}],"wp:attachment":[{"href":"https:\/\/stiftundpapier.de\/en\/wp-json\/wp\/v2\/media?parent=26139"}],"wp:term":[{"taxonomy":"product_cat","embeddable":true,"href":"https:\/\/stiftundpapier.de\/en\/wp-json\/wp\/v2\/product_cat?post=26139"},{"taxonomy":"product_tag","embeddable":true,"href":"https:\/\/stiftundpapier.de\/en\/wp-json\/wp\/v2\/product_tag?post=26139"}],"curies":[{"name":"wp","href":"https:\/\/api.w.org\/{rel}","templated":true}]}}