{"id":26209,"date":"2022-12-10T00:50:05","date_gmt":"2022-12-09T23:50:05","guid":{"rendered":"https:\/\/stiftundpapier.de\/?post_type=product&#038;p=26209"},"modified":"2023-06-07T23:11:24","modified_gmt":"2023-06-07T21:11:24","slug":"tasse-weiss-und-beige","status":"publish","type":"product","link":"https:\/\/stiftundpapier.de\/en\/product\/tasse-weiss-und-beige\/","title":{"rendered":"Tasse \u2013 Wei\u00df und Beige"},"content":{"rendered":"<p><strong>Handmade Cup<br \/>\n<\/strong><\/p>\n<p>&nbsp;<\/p>\n<p>Material: high firing clay<br \/>\nGlasur: gebrochenes Wei\u00df und texturreiches Beige<br \/>\nH\u00f6he: 7,5 cm<br \/>\nDiameter: 8.5 cm<br \/>\nFilling quantity: approx. 250 ml<br \/>\nCare instructions: suitable for the dishwasher<\/p>\n<p>&nbsp;<\/p>\n<p><strong>The price is for a cup (1 piece) from this series.<\/strong><\/p>\n<p>&nbsp;<\/p>\n<p>&nbsp;<\/p>\n<p>&nbsp;<\/p>\n<p>Meine Keramik ist 100% Handarbeit. Ich habe diese Tassen an meiner T\u00f6pferscheibe gedreht, nach dem ersten Brand glasiert und anschlie\u00dfend bei 1.230\u00b0C ein zweites Mal gebrannt. Die Bilder zeigen beispielhafte St\u00fccke der Serie. Jedes Teil ist ein Einzelst\u00fcck. Leichte Unregelm\u00e4\u00dfigkeiten in Form, Gr\u00f6\u00dfe und Farbe liegen in der Natur der Handarbeit und machen den besonderen Reiz der St\u00fccke aus.<\/p>\n<p>&nbsp;<\/p>\n<p>This mug is acid and dishwasher safe. However, as dishwasher detergent can be quite aggressive, I recommend washing the pieces by hand so that you can enjoy them for many years.<\/p>\n<p>&nbsp;<\/p>","protected":false},"excerpt":{"rendered":"<p>Tasse \u2013 Wei\u00df und Beige, ca. 250 ml<\/p>","protected":false},"featured_media":26214,"template":"","meta":[],"product_cat":[541,544],"product_tag":[],"_links":{"self":[{"href":"https:\/\/stiftundpapier.de\/en\/wp-json\/wp\/v2\/product\/26209"}],"collection":[{"href":"https:\/\/stiftundpapier.de\/en\/wp-json\/wp\/v2\/product"}],"about":[{"href":"https:\/\/stiftundpapier.de\/en\/wp-json\/wp\/v2\/types\/product"}],"wp:featuredmedia":[{"embeddable":true,"href":"https:\/\/stiftundpapier.de\/en\/wp-json\/wp\/v2\/media\/26214"}],"wp:attachment":[{"href":"https:\/\/stiftundpapier.de\/en\/wp-json\/wp\/v2\/media?parent=26209"}],"wp:term":[{"taxonomy":"product_cat","embeddable":true,"href":"https:\/\/stiftundpapier.de\/en\/wp-json\/wp\/v2\/product_cat?post=26209"},{"taxonomy":"product_tag","embeddable":true,"href":"https:\/\/stiftundpapier.de\/en\/wp-json\/wp\/v2\/product_tag?post=26209"}],"curies":[{"name":"wp","href":"https:\/\/api.w.org\/{rel}","templated":true}]}}