{"id":26217,"date":"2018-12-10T01:02:22","date_gmt":"2018-12-10T00:02:22","guid":{"rendered":"https:\/\/stiftundpapier.de\/?post_type=product&#038;p=26217"},"modified":"2025-11-13T20:37:51","modified_gmt":"2025-11-13T19:37:51","slug":"teeschale","status":"publish","type":"product","link":"https:\/\/stiftundpapier.de\/en\/product\/teeschale\/","title":{"rendered":"Teeschale"},"content":{"rendered":"<p><strong>Handgefertigte Teeschale<br \/>\n<\/strong><\/p>\n<p>&nbsp;<\/p>\n<p>Material: high firing clay<br \/>\nGlasur: Graugr\u00fcn<br \/>\nHight: 6.5 cm<br \/>\nDurchmesser: 9,5 cm<br \/>\nFilling quantity: approx. 250 ml<br \/>\nCare instructions: suitable for the dishwasher<\/p>\n<p>&nbsp;<\/p>\n<p>Meine Keramik ist 100% Handarbeit. Ich habe diese Teeschale an meiner T\u00f6pferscheibe gedreht, nach dem ersten Brand glasiert und anschlie\u00dfend bei 1.230\u00b0C ein zweites Mal gebrannt. Die Bilder zeigen beispielhafte St\u00fccke der Serie. Jedes Teil ist ein Einzelst\u00fcck. Leichte Unregelm\u00e4\u00dfigkeiten in Form, Gr\u00f6\u00dfe und Farbe liegen in der Natur der Handarbeit und machen den besonderen Reiz der St\u00fccke aus.<\/p>\n<p>&nbsp;<\/p>\n<p>Diese Teeschale ist s\u00e4ure- und sp\u00fclmaschinenbest\u00e4ndig. Da Sp\u00fclmaschinenwaschmittel aber ziemlich aggressiv sein kann, empfehle ich, die St\u00fccke mit der Hand zu sp\u00fclen, damit du viele Jahre Freude an ihnen hast.<\/p>\n<p>&nbsp;<\/p>","protected":false},"excerpt":{"rendered":"<p>Teeschale, ca. 250 ml<\/p>","protected":false},"featured_media":26225,"template":"","meta":[],"product_cat":[542,541],"product_tag":[],"_links":{"self":[{"href":"https:\/\/stiftundpapier.de\/en\/wp-json\/wp\/v2\/product\/26217"}],"collection":[{"href":"https:\/\/stiftundpapier.de\/en\/wp-json\/wp\/v2\/product"}],"about":[{"href":"https:\/\/stiftundpapier.de\/en\/wp-json\/wp\/v2\/types\/product"}],"wp:featuredmedia":[{"embeddable":true,"href":"https:\/\/stiftundpapier.de\/en\/wp-json\/wp\/v2\/media\/26225"}],"wp:attachment":[{"href":"https:\/\/stiftundpapier.de\/en\/wp-json\/wp\/v2\/media?parent=26217"}],"wp:term":[{"taxonomy":"product_cat","embeddable":true,"href":"https:\/\/stiftundpapier.de\/en\/wp-json\/wp\/v2\/product_cat?post=26217"},{"taxonomy":"product_tag","embeddable":true,"href":"https:\/\/stiftundpapier.de\/en\/wp-json\/wp\/v2\/product_tag?post=26217"}],"curies":[{"name":"wp","href":"https:\/\/api.w.org\/{rel}","templated":true}]}}