{"id":26374,"date":"2023-12-04T12:13:44","date_gmt":"2023-12-04T11:13:44","guid":{"rendered":"https:\/\/stiftundpapier.de\/?post_type=product&#038;p=26374"},"modified":"2024-09-03T13:24:41","modified_gmt":"2024-09-03T11:24:41","slug":"infos-zum-kalender-2024","status":"publish","type":"product","link":"https:\/\/stiftundpapier.de\/en\/product\/infos-zum-kalender-2024\/","title":{"rendered":"Infos zum Kalender 2024"},"content":{"rendered":"<p>Liebe Freunde und Freundinnen meinen Kinderkalenders,<\/p>\n<p>f\u00fcr 2024 wird es leider keinen neuen Kinderkalender geben.<br \/>\nDas Internet ist inzwischen sehr algorithmusgetrieben. Trotz Werbung gelingt es mir nicht mehr, genug KundInnen zu erreichen, um meine kleinen Auflagen abzuverkaufen. Das ist sehr traurig, weil ich den Kalender sehr gern habe \u2013 und mit euch viele treue KundInnen habe, die ihn seit Jahren bei mir kaufen.<\/p>\n<p>Es ist aber kein &#8220;Aus f\u00fcr immer&#8221;. Ich suche nach M\u00f6glichkeiten, wie es im n\u00e4chsten Jahr mit dem Kalender weitergehen kann.<\/p>\n<p>Ich habe einen <a title=\"\" href=\"https:\/\/stiftundpapier.de\/en\/newsletter-abonnieren\/\" target=\"_blank\" rel=\"noopener\">Newsletter<\/a> eingerichtet. Ihr k\u00f6nnt ihn abonnieren, wenn ihr auf dem Laufenden bleiben wollt, wann und wie es mit dem Kalender und meinen Zeichnungen weitergeht. Ich w\u00fcrde mich freuen, so mit euch in Kontakt zu bleiben.<\/p>\n<p>Den Newsletter k\u00f6nnt ihr <a title=\"\" href=\"https:\/\/stiftundpapier.de\/en\/newsletter-abonnieren\/\" target=\"_blank\" rel=\"noopener\">hier abonnieren.<\/a><br \/>\nSchreibt mir gern, wenn ihr Fragen oder Ideen habt.<\/p>\n<p>Liebe Gr\u00fc\u00dfe,<br \/>\nEure Martina<\/p>","protected":false},"excerpt":{"rendered":"<p>Informationen \u00fcber Kinderkalender 2024<\/p>","protected":false},"featured_media":26375,"template":"","meta":[],"product_cat":[7],"product_tag":[],"_links":{"self":[{"href":"https:\/\/stiftundpapier.de\/en\/wp-json\/wp\/v2\/product\/26374"}],"collection":[{"href":"https:\/\/stiftundpapier.de\/en\/wp-json\/wp\/v2\/product"}],"about":[{"href":"https:\/\/stiftundpapier.de\/en\/wp-json\/wp\/v2\/types\/product"}],"wp:featuredmedia":[{"embeddable":true,"href":"https:\/\/stiftundpapier.de\/en\/wp-json\/wp\/v2\/media\/26375"}],"wp:attachment":[{"href":"https:\/\/stiftundpapier.de\/en\/wp-json\/wp\/v2\/media?parent=26374"}],"wp:term":[{"taxonomy":"product_cat","embeddable":true,"href":"https:\/\/stiftundpapier.de\/en\/wp-json\/wp\/v2\/product_cat?post=26374"},{"taxonomy":"product_tag","embeddable":true,"href":"https:\/\/stiftundpapier.de\/en\/wp-json\/wp\/v2\/product_tag?post=26374"}],"curies":[{"name":"wp","href":"https:\/\/api.w.org\/{rel}","templated":true}]}}