{"id":26482,"date":"2024-09-01T16:39:25","date_gmt":"2024-09-01T14:39:25","guid":{"rendered":"https:\/\/stiftundpapier.de\/?post_type=product&#038;p=26482"},"modified":"2025-12-12T10:50:18","modified_gmt":"2025-12-12T09:50:18","slug":"meine-liebsten-segenswuensche","status":"publish","type":"product","link":"https:\/\/stiftundpapier.de\/en\/product\/meine-liebsten-segenswuensche\/","title":{"rendered":"Meine liebsten Segensw\u00fcnsche"},"content":{"rendered":"<div class=\"c c-main c-main-inner\">\n<div class=\"product-infotext lc-base\">\n<h2>Meine liebsten Segensw\u00fcnsche<\/h2>\n<p>&nbsp;<\/p>\n<p>Das Buch <em>Meine liebsten Segensw\u00fcnsche<\/em> versammelt die sch\u00f6nsten Segensw\u00fcnsche f\u00fcr zahlreiche Anl\u00e4sse und Gelegenheiten im Alltag mit Kindern: Ob am Morgen oder Abend, zur Taufe, Einschulung, Erstkommunion oder zum Ferienbeginn, bei Krankheit, Abschied oder Neubeginn, Freude oder Trauer, auf Reisen, in der Natur oder daheim in der Familie &#8230; diese Texte sprechen mitten aus dem Leben und vermitteln Liebe, Trost, Hoffnung, Gl\u00fcck, Schutz und Geborgenheit!<\/p>\n<\/div>\n<\/div>\n<p>64 Seiten mit stimmungsvollen Illustrationen von Martina Hoffmann.<\/p>\n<p>Auf Wunsch gern mit Widmung.<\/p>\n<p>&nbsp;<\/p>\n<p>&nbsp;<\/p>\n<p>Verlag Herder<br \/>\n1. Auflage 2023<br \/>\nGebunden<br \/>\n64 Seiten<br \/>\nISBN: 978-3-451-71652-2<br \/>\nEmpfohlenes Alter: ab 4 Jahre<\/p>\n<p>&nbsp;<\/p>\n<p>&nbsp;<\/p>\n<p><strong>Angaben entsprechend der Produktsicherheitsverordnung (GPSR):\u2028<\/strong><\/p>\n<p>Hersteller: Verlag Herder GmbH<br \/>\nKontakt: Verlag Herder GmbH, Hermann-Herder-Str. 4, 79104 Freiburg<br \/>\nHotline: <a title=\"Hotline anrufen\" href=\"tel: 497612717300\">+49 761 2717300<\/a><br \/>\nFax: +49 761 2717360<br \/>\nMail: <a href=\"mailto:kundenservice@herder.de\">kundenservice@herder.de<\/a><\/p>\n<p>Produktname: Meine liebsten Segensw\u00fcnsche<br \/>\nArtikelnummer: buch-segenswuensche<br \/>\nSicherheitshinweis: Dieses Produkt ist nicht f\u00fcr Kinder unter 3 Jahren geeignet.<\/p>","protected":false},"excerpt":{"rendered":"<p>Meine liebsten Segensw\u00fcnsche, 64 Seiten, Herder Verlag<\/p>","protected":false},"featured_media":26481,"template":"","meta":[],"product_cat":[539],"product_tag":[],"_links":{"self":[{"href":"https:\/\/stiftundpapier.de\/en\/wp-json\/wp\/v2\/product\/26482"}],"collection":[{"href":"https:\/\/stiftundpapier.de\/en\/wp-json\/wp\/v2\/product"}],"about":[{"href":"https:\/\/stiftundpapier.de\/en\/wp-json\/wp\/v2\/types\/product"}],"wp:featuredmedia":[{"embeddable":true,"href":"https:\/\/stiftundpapier.de\/en\/wp-json\/wp\/v2\/media\/26481"}],"wp:attachment":[{"href":"https:\/\/stiftundpapier.de\/en\/wp-json\/wp\/v2\/media?parent=26482"}],"wp:term":[{"taxonomy":"product_cat","embeddable":true,"href":"https:\/\/stiftundpapier.de\/en\/wp-json\/wp\/v2\/product_cat?post=26482"},{"taxonomy":"product_tag","embeddable":true,"href":"https:\/\/stiftundpapier.de\/en\/wp-json\/wp\/v2\/product_tag?post=26482"}],"curies":[{"name":"wp","href":"https:\/\/api.w.org\/{rel}","templated":true}]}}