{"id":26490,"date":"2024-09-01T10:14:56","date_gmt":"2024-09-01T08:14:56","guid":{"rendered":"https:\/\/stiftundpapier.de\/?post_type=product&#038;p=26490"},"modified":"2025-12-15T19:46:48","modified_gmt":"2025-12-15T18:46:48","slug":"die-weihnachtsgeschichte-pappbilderbuch","status":"publish","type":"product","link":"https:\/\/stiftundpapier.de\/en\/product\/die-weihnachtsgeschichte-pappbilderbuch\/","title":{"rendered":"Die Weihnachtsgeschichte (Pappbilderbuch)"},"content":{"rendered":"<div class=\"c c-main c-main-inner\">\n<div class=\"product-infotext lc-base\">\n<h3>Die Weihnachtsgeschichte jetzt als Pappbilderbuch!<\/h3>\n<p>&nbsp;<\/p>\n<p>In einfachen Worten erz\u00e4hlt die bekannte Kinderbuchautorin Annette Langen in <em>Die Weihnachtsgeschichte (Pappbilderbuch)<\/em> die biblische Weihnachtsgeschichte: von der Verk\u00fcndigung des Engels, von der Geburt Jesu in Betlehem, von den Hirten und den drei Weisen, die dem Stern gefolgt sind.<br \/>\nMit gek\u00fcrztem und auf die Altersgruppe zugeschnittenem Text gibt es diesen beliebten Weihnachtsbestseller jetzt auch als Pappbilderbuch f\u00fcr die Kleinsten!<\/p>\n<\/div>\n<\/div>\n<p>&nbsp;<\/p>\n<p><strong>Autorin:<\/strong> Annette Langen (*1967) gestaltete als Lektorin viele Jahre das Programm eines Kinderbuchverlages. Ihre ersten Kinderb\u00fccher schrieb sie bereits neben der Arbeit im Lektorat. Von ihr erschienen seit 1988 \u00fcber hundert Kinder- und Jugendb\u00fccher. Ihre \u201aBriefe von Felix\u2019 wurden in 30 Sprachen \u00fcbersetzt, international ausgezeichnet und verfilmt.<\/p>\n<div class=\"c c-main c-main-inner\">\n<div class=\"product-infotext lc-base\">\n<p>&nbsp;<\/p>\n<p>26 Seiten mit stimmungsvollen Illustrationen von Martina Hoffmann.<\/p>\n<\/div>\n<\/div>\n<p>&nbsp;<\/p>\n<p>Verlag Herder<br \/>\n1. Auflage 2023<br \/>\nPappe<br \/>\n26 Seiten<br \/>\nISBN: 978-3-451-71686-7<br \/>\nEmpfohlenes Alter: ab 2 Jahre<\/p>\n<p>&nbsp;<\/p>\n<p>&nbsp;<\/p>\n<p><strong>Angaben entsprechend der Produktsicherheitsverordnung (GPSR):\u2028<\/strong><\/p>\n<p>Hersteller: Verlag Herder GmbH<br \/>\nKontakt: Verlag Herder GmbH, Hermann-Herder-Str. 4, 79104 Freiburg<br \/>\nHotline: <a title=\"Hotline anrufen\" href=\"tel: 497612717300\">+49 761 2717300<\/a><br \/>\nFax: +49 761 2717360<br \/>\nMail: <a href=\"mailto:kundenservice@herder.de\">kundenservice@herder.de<\/a><\/p>\n<p>Produktname: Die Weihnachtsgeschichte (Pappbilderbuch)<br \/>\nArtikelnummer: buch_weihnachten-pappe<br \/>\nSicherheitshinweis: Dieses Produkt ist nicht f\u00fcr Kinder unter 2 Jahren geeignet.<\/p>","protected":false},"excerpt":{"rendered":"<p>Die Weihnachtsgeschichte (Pappbilderbuch), 26 Seiten, Herder Verlag<\/p>","protected":false},"featured_media":26495,"template":"","meta":[],"product_cat":[539],"product_tag":[],"_links":{"self":[{"href":"https:\/\/stiftundpapier.de\/en\/wp-json\/wp\/v2\/product\/26490"}],"collection":[{"href":"https:\/\/stiftundpapier.de\/en\/wp-json\/wp\/v2\/product"}],"about":[{"href":"https:\/\/stiftundpapier.de\/en\/wp-json\/wp\/v2\/types\/product"}],"wp:featuredmedia":[{"embeddable":true,"href":"https:\/\/stiftundpapier.de\/en\/wp-json\/wp\/v2\/media\/26495"}],"wp:attachment":[{"href":"https:\/\/stiftundpapier.de\/en\/wp-json\/wp\/v2\/media?parent=26490"}],"wp:term":[{"taxonomy":"product_cat","embeddable":true,"href":"https:\/\/stiftundpapier.de\/en\/wp-json\/wp\/v2\/product_cat?post=26490"},{"taxonomy":"product_tag","embeddable":true,"href":"https:\/\/stiftundpapier.de\/en\/wp-json\/wp\/v2\/product_tag?post=26490"}],"curies":[{"name":"wp","href":"https:\/\/api.w.org\/{rel}","templated":true}]}}