{"id":26503,"date":"2024-09-02T16:10:45","date_gmt":"2024-09-02T14:10:45","guid":{"rendered":"https:\/\/stiftundpapier.de\/?post_type=product&#038;p=26503"},"modified":"2024-12-12T16:31:57","modified_gmt":"2024-12-12T15:31:57","slug":"beschuetzt-und-behuetet-25-schutzengelkarten","status":"publish","type":"product","link":"https:\/\/stiftundpapier.de\/en\/product\/beschuetzt-und-behuetet-25-schutzengelkarten\/","title":{"rendered":"Besch\u00fctzt und beh\u00fctet. 25 Schutzengelkarten"},"content":{"rendered":"<div class=\"c c-main c-main-inner\">\n<div class=\"product-infotext lc-base\">\n<h3>25 Schutzengelkarten f\u00fcr Kinder<\/h3>\n<p>In der h\u00fcbschen Schachtel befinden sich 25 gestaltete Schutzengelkarten mit kurzen, Mut machenden Texten von Anselm Gr\u00fcn &#8211; sowie eine Gru\u00dfkarte, die f\u00fcr einen pers\u00f6nlichen Wunsch oder Text genutzt werden kann. Allen Affirmationskarten ist gemeinsam, dass sie Kindern die st\u00e4rkende Botschaft vermitteln: Dein Engel ist immer f\u00fcr dich da. Er l\u00e4sst dich nie allein, egal was passiert. Die pr\u00e4gnanten Texte st\u00e4rken Kinder so in ihrem Selbstvertrauen und vermitteln ihnen Achtsamkeit und das sichere Gef\u00fchl von Geborgenheit, Schutz, Liebe und Verst\u00e4ndnis.<\/p>\n<\/div>\n<\/div>\n<p>&nbsp;<\/p>\n<p>Verlag Herder<br \/>\n1. Auflage 2024<br \/>\nPappschachtel<br \/>\n25 Karten<br \/>\nFormat: Din A7<br \/>\nEmpfohlenes Alter: ab 6 Jahre<\/p>\n<p>&nbsp;<\/p>\n<p>&nbsp;<\/p>\n<p><strong>Angaben entsprechend der Produktsicherheitsverordnung (GPSR):\u2028<\/strong><\/p>\n<p>Hersteller: Verlag Herder GmbH<br \/>\nKontakt: Verlag Herder GmbH, Hermann-Herder-Str. 4, 79104 Freiburg<br \/>\nHotline: <a title=\"Hotline anrufen\" href=\"tel: 497612717300\">+49 761 2717300<\/a><br \/>\nFax: +49 761 2717360<br \/>\nMail: <a href=\"mailto:kundenservice@herder.de\">kundenservice@herder.de<\/a><\/p>\n<p>Produktname: Besch\u00fctzt und beh\u00fctet. 25 Schutzengelkarten<br \/>\nArtikelnummer: engelkarten-P716936<br \/>\nSicherheitshinweis: Dieses Produkt ist nicht f\u00fcr Kinder unter 3 Jahren geeignet.<\/p>\n<p>&nbsp;<\/p>","protected":false},"excerpt":{"rendered":"<h3>25 Schutzengelkarten in Pappschachtel<\/h3>","protected":false},"featured_media":26507,"template":"","meta":[],"product_cat":[6],"product_tag":[],"_links":{"self":[{"href":"https:\/\/stiftundpapier.de\/en\/wp-json\/wp\/v2\/product\/26503"}],"collection":[{"href":"https:\/\/stiftundpapier.de\/en\/wp-json\/wp\/v2\/product"}],"about":[{"href":"https:\/\/stiftundpapier.de\/en\/wp-json\/wp\/v2\/types\/product"}],"wp:featuredmedia":[{"embeddable":true,"href":"https:\/\/stiftundpapier.de\/en\/wp-json\/wp\/v2\/media\/26507"}],"wp:attachment":[{"href":"https:\/\/stiftundpapier.de\/en\/wp-json\/wp\/v2\/media?parent=26503"}],"wp:term":[{"taxonomy":"product_cat","embeddable":true,"href":"https:\/\/stiftundpapier.de\/en\/wp-json\/wp\/v2\/product_cat?post=26503"},{"taxonomy":"product_tag","embeddable":true,"href":"https:\/\/stiftundpapier.de\/en\/wp-json\/wp\/v2\/product_tag?post=26503"}],"curies":[{"name":"wp","href":"https:\/\/api.w.org\/{rel}","templated":true}]}}