{"id":26843,"date":"2022-12-10T20:35:56","date_gmt":"2022-12-10T19:35:56","guid":{"rendered":"https:\/\/stiftundpapier.de\/?post_type=product&#038;p=26843"},"modified":"2025-12-04T14:30:29","modified_gmt":"2025-12-04T13:30:29","slug":"becher-klein-04","status":"publish","type":"product","link":"https:\/\/stiftundpapier.de\/en\/product\/becher-klein-04\/","title":{"rendered":"Becher klein 04 \u2013 matt wei\u00df"},"content":{"rendered":"<p><strong>Handgefertigte kleine Becher mit handgearbeitetem Dekor.<\/strong><br \/>\nBesonders geeignet f\u00fcr Cappuccino, Espresso oder Wein.<strong><br \/>\n<\/strong><\/p>\n<p>&nbsp;<\/p>\n<p><strong>Produktdetails<\/strong><\/p>\n<p>\u2022 Material: Steinzeugton<br \/>\n\u2022 Ma\u00dfe: \u00f8 8cm, H 6 cm<br \/>\n\u2022 F\u00fcllmenge: ca. 180<br \/>\n\u2022 f\u00fcr die Sp\u00fclmaschine geeignet<\/p>\n<p>&nbsp;<\/p>\n<p><strong>Meine Keramik ist 100% Handarbeit.<\/strong> Jedes Teil ist ein Einzelst\u00fcck. Unregelm\u00e4\u00dfigkeiten entstehen bei der Herstellung und machen aus jedem St\u00fcck ein Unikat.\u00a0<strong><br \/>\n<\/strong><\/p>\n<p>&nbsp;<\/p>\n<p>The price is for a mug (1 piece) from this series.<strong><br \/>\n<\/strong>The pictures show exemplary pieces of the series.<\/p>\n<p>&nbsp;<\/p>\n<p>&nbsp;<\/p>\n<p>&nbsp;<\/p>\n<p>&nbsp;<\/p>","protected":false},"excerpt":{"rendered":"<p>Becher klein, Nr. 04, ca. 180 ml<\/p>","protected":false},"featured_media":26847,"template":"","meta":[],"product_cat":[542,541],"product_tag":[],"_links":{"self":[{"href":"https:\/\/stiftundpapier.de\/en\/wp-json\/wp\/v2\/product\/26843"}],"collection":[{"href":"https:\/\/stiftundpapier.de\/en\/wp-json\/wp\/v2\/product"}],"about":[{"href":"https:\/\/stiftundpapier.de\/en\/wp-json\/wp\/v2\/types\/product"}],"wp:featuredmedia":[{"embeddable":true,"href":"https:\/\/stiftundpapier.de\/en\/wp-json\/wp\/v2\/media\/26847"}],"wp:attachment":[{"href":"https:\/\/stiftundpapier.de\/en\/wp-json\/wp\/v2\/media?parent=26843"}],"wp:term":[{"taxonomy":"product_cat","embeddable":true,"href":"https:\/\/stiftundpapier.de\/en\/wp-json\/wp\/v2\/product_cat?post=26843"},{"taxonomy":"product_tag","embeddable":true,"href":"https:\/\/stiftundpapier.de\/en\/wp-json\/wp\/v2\/product_tag?post=26843"}],"curies":[{"name":"wp","href":"https:\/\/api.w.org\/{rel}","templated":true}]}}