{"id":26850,"date":"2022-12-10T20:32:34","date_gmt":"2022-12-10T19:32:34","guid":{"rendered":"https:\/\/stiftundpapier.de\/?post_type=product&#038;p=26850"},"modified":"2025-11-13T20:40:49","modified_gmt":"2025-11-13T19:40:49","slug":"becher-klein-06-eisgrau","status":"publish","type":"product","link":"https:\/\/stiftundpapier.de\/en\/product\/becher-klein-06-eisgrau\/","title":{"rendered":"Becher klein 06 \u2013 eisblau"},"content":{"rendered":"<p><strong>Handgefertigte kleine Becher.<\/strong><br \/>\nBesonders geeignet f\u00fcr Cappuccino, Espresso oder Wein.<strong><br \/>\n<\/strong><\/p>\n<p>&nbsp;<\/p>\n<p><strong>Produktdetails<\/strong><\/p>\n<p>\u2022 Material: Steinzeugton<br \/>\n\u2022 Ma\u00dfe: \u00f8 8cm, H 6 cm<br \/>\n\u2022 F\u00fcllmenge: ca. 180<br \/>\n\u2022 f\u00fcr die Sp\u00fclmaschine geeignet<\/p>\n<p>&nbsp;<\/p>\n<p><strong>Meine Keramik ist 100% Handarbeit.<\/strong> Jedes Teil ist ein Einzelst\u00fcck. Unregelm\u00e4\u00dfigkeiten entstehen bei der Herstellung und machen aus jedem St\u00fcck ein Unikat.\u00a0<strong><br \/>\n<\/strong><\/p>\n<p>&nbsp;<\/p>\n<p>The price is for a mug (1 piece) from this series.<strong><br \/>\n<\/strong>The pictures show exemplary pieces of the series.<\/p>\n<p>&nbsp;<\/p>\n<p>&nbsp;<\/p>\n<p>&nbsp;<\/p>\n<p>&nbsp;<\/p>","protected":false},"excerpt":{"rendered":"<p>Becher klein, Nr. 06, ca. 180 ml<\/p>","protected":false},"featured_media":26860,"template":"","meta":[],"product_cat":[542,541],"product_tag":[],"_links":{"self":[{"href":"https:\/\/stiftundpapier.de\/en\/wp-json\/wp\/v2\/product\/26850"}],"collection":[{"href":"https:\/\/stiftundpapier.de\/en\/wp-json\/wp\/v2\/product"}],"about":[{"href":"https:\/\/stiftundpapier.de\/en\/wp-json\/wp\/v2\/types\/product"}],"wp:featuredmedia":[{"embeddable":true,"href":"https:\/\/stiftundpapier.de\/en\/wp-json\/wp\/v2\/media\/26860"}],"wp:attachment":[{"href":"https:\/\/stiftundpapier.de\/en\/wp-json\/wp\/v2\/media?parent=26850"}],"wp:term":[{"taxonomy":"product_cat","embeddable":true,"href":"https:\/\/stiftundpapier.de\/en\/wp-json\/wp\/v2\/product_cat?post=26850"},{"taxonomy":"product_tag","embeddable":true,"href":"https:\/\/stiftundpapier.de\/en\/wp-json\/wp\/v2\/product_tag?post=26850"}],"curies":[{"name":"wp","href":"https:\/\/api.w.org\/{rel}","templated":true}]}}