{"id":26862,"date":"2022-12-10T20:30:55","date_gmt":"2022-12-10T19:30:55","guid":{"rendered":"https:\/\/stiftundpapier.de\/?post_type=product&#038;p=26862"},"modified":"2025-11-13T20:38:20","modified_gmt":"2025-11-13T19:38:20","slug":"becher-01-weisse-sprenkel","status":"publish","type":"product","link":"https:\/\/stiftundpapier.de\/en\/product\/becher-01-weisse-sprenkel\/","title":{"rendered":"Becher 01 \u2013 wei\u00dfe Sprenkel"},"content":{"rendered":"<p><strong>Handgefertigte Becher mit handgearbeitetem Dekor.<\/strong><strong><br \/>\n<\/strong><\/p>\n<p>&nbsp;<\/p>\n<p><strong>Produktdetails<\/strong><\/p>\n<p>\u2022 Material: Steinzeugton<br \/>\n\u2022 Ma\u00dfe: \u00f8 8cm, H 8 cm<br \/>\n\u2022 F\u00fcllmenge: ca. 350<br \/>\n\u2022 f\u00fcr die Sp\u00fclmaschine geeignet<\/p>\n<p>&nbsp;<\/p>\n<p><strong>Meine Keramik ist 100% Handarbeit.<\/strong> Jedes Teil ist ein Einzelst\u00fcck. Unregelm\u00e4\u00dfigkeiten entstehen bei der Herstellung und machen aus jedem St\u00fcck ein Unikat.\u00a0<strong><br \/>\n<\/strong><\/p>\n<p>&nbsp;<\/p>\n<p>The price is for a mug (1 piece) from this series.<strong><br \/>\n<\/strong>The pictures show exemplary pieces of the series.<\/p>\n<p>&nbsp;<\/p>\n<p>&nbsp;<\/p>\n<p>&nbsp;<\/p>\n<p>&nbsp;<\/p>","protected":false},"excerpt":{"rendered":"<p>Becher Nr. 01, wei\u00dfe Sprenkel ca. 350 ml<\/p>","protected":false},"featured_media":26864,"template":"","meta":[],"product_cat":[542,541],"product_tag":[],"_links":{"self":[{"href":"https:\/\/stiftundpapier.de\/en\/wp-json\/wp\/v2\/product\/26862"}],"collection":[{"href":"https:\/\/stiftundpapier.de\/en\/wp-json\/wp\/v2\/product"}],"about":[{"href":"https:\/\/stiftundpapier.de\/en\/wp-json\/wp\/v2\/types\/product"}],"wp:featuredmedia":[{"embeddable":true,"href":"https:\/\/stiftundpapier.de\/en\/wp-json\/wp\/v2\/media\/26864"}],"wp:attachment":[{"href":"https:\/\/stiftundpapier.de\/en\/wp-json\/wp\/v2\/media?parent=26862"}],"wp:term":[{"taxonomy":"product_cat","embeddable":true,"href":"https:\/\/stiftundpapier.de\/en\/wp-json\/wp\/v2\/product_cat?post=26862"},{"taxonomy":"product_tag","embeddable":true,"href":"https:\/\/stiftundpapier.de\/en\/wp-json\/wp\/v2\/product_tag?post=26862"}],"curies":[{"name":"wp","href":"https:\/\/api.w.org\/{rel}","templated":true}]}}