{"id":27129,"date":"2024-09-14T23:30:29","date_gmt":"2024-09-14T21:30:29","guid":{"rendered":"https:\/\/stiftundpapier.de\/?post_type=product&#038;p=27129"},"modified":"2025-12-28T10:26:36","modified_gmt":"2025-12-28T09:26:36","slug":"kunstdruck-fuchs","status":"publish","type":"product","link":"https:\/\/stiftundpapier.de\/en\/product\/kunstdruck-fuchs\/","title":{"rendered":"Kunstdruck Fuchs"},"content":{"rendered":"<div class=\"translated user-markdown\">\n<div class=\"flex max-w-full flex-col flex-grow\">\n<div class=\"min-h-[20px] text-message flex w-full flex-col items-end gap-2 whitespace-normal break-words [.text-message+&amp;]:mt-5\" dir=\"auto\" data-message-author-role=\"assistant\" data-message-id=\"77f71f4e-4072-41c3-a8e0-9b7bb7dba9a6\">\n<div class=\"flex w-full flex-col gap-1 empty:hidden first:pt-[3px]\">\n<div class=\"markdown prose w-full break-words dark:prose-invert light\">\n<h4>Kunstdruck<em> Fuchs <\/em>als Fine Art Print Wandbild und im Posterformat<strong><br \/>\n<\/strong><\/h4>\n<p>Der Kunstdruck\u00a0<em>Fuchs <\/em>ist eine hochwertige Reproduktion meiner Zeichnung. Mit seinen satten und kr\u00e4ftigen Farben und der hervorragenden Druckqualit\u00e4t ist dieser Fine Art Print wirklich etwas Besonderes.<\/p>\n<\/div>\n<div class=\"markdown prose w-full break-words dark:prose-invert light\">\n<p>&nbsp;<\/p>\n<p>&nbsp;<\/p>\n<p>Perfekt zum Verschenken oder f\u00fcr dich selbst<br \/>\nDer Kunstdruck <em>Fuchs<\/em> ist das perfekte Geschenk f\u00fcr Naturliebhaber und f\u00fcr Menschen, die F\u00fcchse m\u00f6gen. Gerahmt mit einem Passepartout ist es ein toller Hingucker im Wohnzimmer, B\u00fcro, K\u00fcche, Kinderzimmer oder Arbeitszimmer.<\/p>\n<\/div>\n<\/div>\n<\/div>\n<\/div>\n<\/div>\n<p>&nbsp;<\/p>\n<p><strong>Handgefertigte Kunst f\u00fcr dein Zuhause<br \/>\n<\/strong>Jeder Kunstdruck wird in meiner kleinen Manufaktur mit viel Sorgfalt hergestellt. Ich drucke auf einem Hahnem\u00fchle Fine Art Papier aus Baumwolle. Die R\u00fcckseite des Fine Art Prints ist signiert.<\/p>\n<p>&nbsp;<\/p>\n<p><strong>Produktdetails im \u00dcberblick:<\/strong><strong><br \/>\n\u25ba <\/strong><strong>Hochwertige Reproduktion<\/strong> meiner Originalillustrationen<br \/>\n\u25ba <strong>308-Gramm Fine Art Papier<\/strong> aus Baumwolle mit Museumsqualit\u00e4t f\u00fcr langanhaltende Freude<br \/>\n\u25ba <strong>Signatur<\/strong> auf der R\u00fcckseite<\/p>\n<p>&nbsp;<\/p>\n<p><strong>Verf\u00fcgbare Gr\u00f6\u00dfen:<br \/>\n<\/strong><strong>\u25ba A5 (148 x 210 mm)<br \/>\n\u25ba <\/strong><strong>A4 (210 x 297 mm)<br \/>\n\u25ba <\/strong><strong>A3 (297 x 420 mm) \u2013 Posterformat<br \/>\n\u25ba <\/strong><strong>Quadratisches Format<\/strong>: 210 x 210 mm<br \/>\n<strong>\u25ba <\/strong><strong>Quadratisches Format XL<\/strong>: 297 x 297 mm<\/p>\n<p>&nbsp;<\/p>\n<p><strong>Versand &amp; Verpackung:<br \/>\n<\/strong><strong>\u25ba Nur einmal Versandkosten<\/strong>, egal wie viele Artikel du bestellst<br \/>\n\u25ba Sorgf\u00e4ltig verpackt in einem knicksicheren Umschlag, damit dein Wandbild unversehrt ankommt<\/p>\n<p>&nbsp;<\/p>\n<p><strong>Wichtige Hinweise zum Fine Art Print Wandbild:<br \/>\n<\/strong><strong>\u25ba Rahmen und Passepartout<\/strong> sind nicht im Angebot enthalten, k\u00f6nnen aber einfach nachgekauft werden \u2013 zum Beispiel bei IKEA.<br \/>\n\u25ba Die Farben k\u00f6nnen je nach Bildschirmdarstellung leicht abweichen.<\/p>\n<p>&nbsp;<\/p>\n<p><strong>Bestelle jetzt diesen exklusiven Kunstdruck f\u00fcr dein Zuhause oder verschenke das stilvolle Wandbild an jemanden, der dir am Herzen liegt!<\/strong><\/p>\n<p>&nbsp;<\/p>\n<p>&nbsp;<\/p>\n<p>&nbsp;<\/p>\n<p><strong>Angaben entsprechend der Produktsicherheitsverordnung (GPSR):\u2028<\/strong><\/p>\n<p>Herstellerin: Martina Hoffmann \u2013 Kunst und Keramik<br \/>\nKontakt: Martina Hoffmann c\/o Hoffmann KBN, Riestedterstra\u00dfe 61, 06526 Sangerhausen<br \/>\nEmail: hallo@stiftundpapier.de<\/p>\n<p>Produktname: Kunstdruck Fuchs<br \/>\nArtikelnummer: kunstdruck-fuchs<br \/>\nSicherheitshinweis: Meine Produkte sind nur zur Dekoration bestimmt. Nicht f\u00fcr Kinder unter 3 Jahren geeignet.<\/p>\n<p>&nbsp;<\/p>","protected":false},"excerpt":{"rendered":"<p>Kunstdruck <em>Fuchs<br \/>\n<\/em>308-Gramm Fine Art Papier aus Baumwolle.<\/p>\n<p>&nbsp;<\/p>\n<p>&nbsp;<\/p>","protected":false},"featured_media":27136,"template":"","meta":[],"product_cat":[499,514],"product_tag":[],"_links":{"self":[{"href":"https:\/\/stiftundpapier.de\/en\/wp-json\/wp\/v2\/product\/27129"}],"collection":[{"href":"https:\/\/stiftundpapier.de\/en\/wp-json\/wp\/v2\/product"}],"about":[{"href":"https:\/\/stiftundpapier.de\/en\/wp-json\/wp\/v2\/types\/product"}],"wp:featuredmedia":[{"embeddable":true,"href":"https:\/\/stiftundpapier.de\/en\/wp-json\/wp\/v2\/media\/27136"}],"wp:attachment":[{"href":"https:\/\/stiftundpapier.de\/en\/wp-json\/wp\/v2\/media?parent=27129"}],"wp:term":[{"taxonomy":"product_cat","embeddable":true,"href":"https:\/\/stiftundpapier.de\/en\/wp-json\/wp\/v2\/product_cat?post=27129"},{"taxonomy":"product_tag","embeddable":true,"href":"https:\/\/stiftundpapier.de\/en\/wp-json\/wp\/v2\/product_tag?post=27129"}],"curies":[{"name":"wp","href":"https:\/\/api.w.org\/{rel}","templated":true}]}}