{"id":27224,"date":"2022-12-10T20:52:48","date_gmt":"2022-12-10T19:52:48","guid":{"rendered":"https:\/\/stiftundpapier.de\/?post_type=product&#038;p=27224"},"modified":"2025-10-29T14:22:46","modified_gmt":"2025-10-29T13:22:46","slug":"tasse-schwarzer-ton-und-weisse-glasur","status":"publish","type":"product","link":"https:\/\/stiftundpapier.de\/en\/product\/tasse-schwarzer-ton-und-weisse-glasur\/","title":{"rendered":"Tasse &#8211; schwarzer Ton und wei\u00dfe Glasur"},"content":{"rendered":"<p><strong>Handgefertigte Tasse aus einem schwarzen Steinzeugton, glasiert mit einer wei\u00dfen Glasur, durch die der Ton effektvoll schimmert.<br \/>\n<\/strong><\/p>\n<p>&nbsp;<\/p>\n<p>Material: black high firing clay<br \/>\nHeight: approx. 7 cm<br \/>\nDiameter: 9 cm<br \/>\nFilling quantity: approx. 300 ml<br \/>\nCare instructions: suitable for the dishwasher<\/p>\n<p>&nbsp;<\/p>\n<p><strong>The price is for a cup (1 piece) from this series.<br \/>\n<\/strong>Die Bilder zeigen beispielhafte St\u00fccke der Serie<\/p>\n<p>&nbsp;<\/p>\n<p>Jedes Teil ist ein Einzelst\u00fcck. Meine Keramik ist 100% Handarbeit. Ich habe diese Becher an meiner T\u00f6pferscheibe gedreht, gebrannt, geschliffen, glasiert und ein zweites Mal bei 1.240\u00b0C gebrannt. Leichte Unterschiede in der Form, Geradlinigkeit, Gr\u00f6\u00dfe und Rundheit sind herstellungsbedingt und machen den besonderen Charme von handgefertigter Keramik aus.<\/p>\n<p>&nbsp;<\/p>\n<p>Meine Keramik ist s\u00e4ure- und sp\u00fclmaschinenbest\u00e4ndig. Da Sp\u00fclmaschinenwaschmittel aber ziemlich aggressiv sein kann, empfehle ich, die St\u00fccke mit der Hand zu sp\u00fclen, damit du viele Jahre Freude an ihnen hast.<\/p>\n<p>&nbsp;<\/p>\n<p>Angaben entsprechend der Produktsicherheitsverordnung (GPSR):<br \/>\nHerstellerin: Martina Hoffmann \u2013 Kunst und Keramik . Neudorfer Weg 11 . 02943 Boxberg<br \/>\nKontakt: Email: hallo@stiftundpapier.de<\/p>\n<p>Die Konformit\u00e4tserkl\u00e4rung kannst du hier einsehen: <a title=\"Konformit\u00e4tserkl\u00e4rung\" href=\"https:\/\/stiftundpapier.de\/wp-content\/uploads\/2024\/12\/1-18561-1_4-Martina-Hoffmann-Hohlgeschirr.pdf\" target=\"_blank\" rel=\"noopener\">Konformit\u00e4tserkl\u00e4rung<\/a><\/p>","protected":false},"excerpt":{"rendered":"<p>Tasse &#8211; Schwarzer Ton, wei\u00dfe Glasur, ca. 300 ml<\/p>","protected":false},"featured_media":27230,"template":"","meta":[],"product_cat":[541,544],"product_tag":[],"_links":{"self":[{"href":"https:\/\/stiftundpapier.de\/en\/wp-json\/wp\/v2\/product\/27224"}],"collection":[{"href":"https:\/\/stiftundpapier.de\/en\/wp-json\/wp\/v2\/product"}],"about":[{"href":"https:\/\/stiftundpapier.de\/en\/wp-json\/wp\/v2\/types\/product"}],"wp:featuredmedia":[{"embeddable":true,"href":"https:\/\/stiftundpapier.de\/en\/wp-json\/wp\/v2\/media\/27230"}],"wp:attachment":[{"href":"https:\/\/stiftundpapier.de\/en\/wp-json\/wp\/v2\/media?parent=27224"}],"wp:term":[{"taxonomy":"product_cat","embeddable":true,"href":"https:\/\/stiftundpapier.de\/en\/wp-json\/wp\/v2\/product_cat?post=27224"},{"taxonomy":"product_tag","embeddable":true,"href":"https:\/\/stiftundpapier.de\/en\/wp-json\/wp\/v2\/product_tag?post=27224"}],"curies":[{"name":"wp","href":"https:\/\/api.w.org\/{rel}","templated":true}]}}