{"id":27393,"date":"2025-07-15T18:00:11","date_gmt":"2025-07-15T16:00:11","guid":{"rendered":"https:\/\/stiftundpapier.de\/?post_type=product&#038;p=27393"},"modified":"2025-07-17T11:42:40","modified_gmt":"2025-07-17T09:42:40","slug":"2er-set-tassen-steingrau","status":"publish","type":"product","link":"https:\/\/stiftundpapier.de\/en\/product\/2er-set-tassen-steingrau\/","title":{"rendered":"2er Set Tassen steingrau"},"content":{"rendered":"<p>1 Tasse \u2013 25,00 Euro<br \/>\n1 Tasse &#8211; B-Ware \u2013 20,00 Euro (siehe Abbildung)<\/p>\n<p><strong>Die perfekte Tasse f\u00fcr den Kaffee am Morgen oder einen gem\u00fctlichen Nachmittagstee<\/strong><strong><br \/>\n<\/strong><\/p>\n<p>&nbsp;<\/p>\n<p><strong>Produktdetails<\/strong><\/p>\n<p>\u2022 Material: Steinzeugton<br \/>\n\u2022 Haptik: seidenmatt<br \/>\n\u2022 Ma\u00dfe: \u00f8 9cm, H 7 cm<br \/>\n\u2022 F\u00fcllmenge: ca. 350<br \/>\n\u2022 f\u00fcr die Sp\u00fclmaschine geeignet<\/p>\n<p>&nbsp;<\/p>\n<p><strong>Meine Keramik ist 100% Handarbeit.<\/strong> Jedes Teil ist ein Einzelst\u00fcck. Unregelm\u00e4\u00dfigkeiten entstehen bei der Herstellung und machen aus jedem St\u00fcck ein Unikat.<\/p>\n<p>&nbsp;<\/p>\n<p>&nbsp;<\/p>\n<p>Angaben entsprechend der Produktsicherheitsverordnung (GPSR):<br \/>\nHerstellerin: Martina Hoffmann \u2013 Kunst und Keramik . Neudorfer Weg 11 . 02943 Boxberg<br \/>\nKontakt: Email: hallo@stiftundpapier.de<\/p>\n<p>Die Konformit\u00e4tserkl\u00e4rung kannst du hier einsehen: <a title=\"Konformit\u00e4tserkl\u00e4rung\" href=\"https:\/\/stiftundpapier.de\/wp-content\/uploads\/2024\/12\/1-18561-1_4-Martina-Hoffmann-Hohlgeschirr.pdf\" target=\"_blank\" rel=\"noopener\">Konformit\u00e4tserkl\u00e4rung<\/a><\/p>\n<p>&nbsp;<\/p>","protected":false},"excerpt":{"rendered":"<p>2er-Set Tassen, steingrau, ca. 350 ml<\/p>","protected":false},"featured_media":27394,"template":"","meta":[],"product_cat":[541,544],"product_tag":[],"_links":{"self":[{"href":"https:\/\/stiftundpapier.de\/en\/wp-json\/wp\/v2\/product\/27393"}],"collection":[{"href":"https:\/\/stiftundpapier.de\/en\/wp-json\/wp\/v2\/product"}],"about":[{"href":"https:\/\/stiftundpapier.de\/en\/wp-json\/wp\/v2\/types\/product"}],"wp:featuredmedia":[{"embeddable":true,"href":"https:\/\/stiftundpapier.de\/en\/wp-json\/wp\/v2\/media\/27394"}],"wp:attachment":[{"href":"https:\/\/stiftundpapier.de\/en\/wp-json\/wp\/v2\/media?parent=27393"}],"wp:term":[{"taxonomy":"product_cat","embeddable":true,"href":"https:\/\/stiftundpapier.de\/en\/wp-json\/wp\/v2\/product_cat?post=27393"},{"taxonomy":"product_tag","embeddable":true,"href":"https:\/\/stiftundpapier.de\/en\/wp-json\/wp\/v2\/product_tag?post=27393"}],"curies":[{"name":"wp","href":"https:\/\/api.w.org\/{rel}","templated":true}]}}