{"id":27423,"date":"2025-08-18T13:50:40","date_gmt":"2025-08-18T11:50:40","guid":{"rendered":"https:\/\/stiftundpapier.de\/?post_type=product&#038;p=27423"},"modified":"2025-11-12T17:27:07","modified_gmt":"2025-11-12T16:27:07","slug":"becher-klein-schwarz-mit-effektvollem-grau","status":"publish","type":"product","link":"https:\/\/stiftundpapier.de\/en\/product\/becher-klein-schwarz-mit-effektvollem-grau\/","title":{"rendered":"Becher klein \u2013 Schwarz mit effektvollem Grau"},"content":{"rendered":"<p><strong>Handgefertigte kleine Becher.<\/strong><br \/>\nBesonders geeignet f\u00fcr Cappuccino, Espresso oder Wein.<strong><br \/>\n<\/strong><\/p>\n<p>&nbsp;<\/p>\n<p><strong>Produktdetails<\/strong><\/p>\n<p>\u2022 Material: schwarzer Steinzeugton<br \/>\n\u2022 Glasur: effektvolles Grau<br \/>\n\u2022 Ma\u00dfe: \u00f8 8cm, H 6 cm<br \/>\n\u2022 F\u00fcllmenge: ca. 180<br \/>\n\u2022 f\u00fcr die Sp\u00fclmaschine geeignet<\/p>\n<p>&nbsp;<\/p>\n<p><strong>Meine Keramik ist 100% Handarbeit.<\/strong> Jedes Teil ist ein Einzelst\u00fcck. Unregelm\u00e4\u00dfigkeiten entstehen bei der Herstellung und machen aus jedem St\u00fcck ein Unikat.\u00a0<strong><br \/>\n<\/strong><\/p>\n<p>&nbsp;<\/p>\n<p>The price is for a mug (1 piece) from this series.<\/p>\n<p>Das Bild ist eine Entwurfsskizze. Die Becher werden nach Zahlungseingang produziert.<\/p>\n<p>&nbsp;<\/p>\n<p>&nbsp;<\/p>\n<p><strong>Angaben entsprechend der Produktsicherheitsverordnung (GPSR):\u2028<\/strong><\/p>\n<p>Herstellerin: Martina Hoffmann \u2013 Kunst und Keramik<br \/>\nKontakt: Martina Hoffmann c\/o Hoffmann KBN, Riestedterstra\u00dfe 61, 06526 Sangerhausen<br \/>\nEmail: hallo@stiftundpapier.de<\/p>\n<p>Produktname: Becher klein \u2013 Schwarz mit effektvollem Grau<br \/>\nArtikelnummer: becher_klein_schwarz_graueffekt<\/p>\n<p>Die Konformit\u00e4tserkl\u00e4rung kannst du hier einsehen: <a title=\"Konformit\u00e4tserkl\u00e4rung\" href=\"https:\/\/stiftundpapier.de\/wp-content\/uploads\/2024\/12\/1-18561-1_4-Martina-Hoffmann-Hohlgeschirr.pdf\" target=\"_blank\" rel=\"noopener\">Konformit\u00e4tserkl\u00e4rung<\/a><\/p>\n<p>&nbsp;<\/p>\n<p>&nbsp;<\/p>\n<p>&nbsp;<\/p>\n<p>&nbsp;<\/p>\n<p>&nbsp;<\/p>\n<p>&nbsp;<\/p>","protected":false},"excerpt":{"rendered":"<p>Becher klein, Schwarz &#8211; grau Effekt ca. 180 ml<\/p>","protected":false},"featured_media":27496,"template":"","meta":[],"product_cat":[542,541],"product_tag":[],"_links":{"self":[{"href":"https:\/\/stiftundpapier.de\/en\/wp-json\/wp\/v2\/product\/27423"}],"collection":[{"href":"https:\/\/stiftundpapier.de\/en\/wp-json\/wp\/v2\/product"}],"about":[{"href":"https:\/\/stiftundpapier.de\/en\/wp-json\/wp\/v2\/types\/product"}],"wp:featuredmedia":[{"embeddable":true,"href":"https:\/\/stiftundpapier.de\/en\/wp-json\/wp\/v2\/media\/27496"}],"wp:attachment":[{"href":"https:\/\/stiftundpapier.de\/en\/wp-json\/wp\/v2\/media?parent=27423"}],"wp:term":[{"taxonomy":"product_cat","embeddable":true,"href":"https:\/\/stiftundpapier.de\/en\/wp-json\/wp\/v2\/product_cat?post=27423"},{"taxonomy":"product_tag","embeddable":true,"href":"https:\/\/stiftundpapier.de\/en\/wp-json\/wp\/v2\/product_tag?post=27423"}],"curies":[{"name":"wp","href":"https:\/\/api.w.org\/{rel}","templated":true}]}}