{"id":27429,"date":"2025-09-05T12:30:16","date_gmt":"2025-09-05T10:30:16","guid":{"rendered":"https:\/\/stiftundpapier.de\/?post_type=product&#038;p=27429"},"modified":"2026-01-09T13:43:37","modified_gmt":"2026-01-09T12:43:37","slug":"kinderkalender-2026-jetzt-vorbestellen","status":"publish","type":"product","link":"https:\/\/stiftundpapier.de\/en\/product\/kinderkalender-2026-jetzt-vorbestellen\/","title":{"rendered":"Kinderkalender 2026"},"content":{"rendered":"<div class=\"translated user-markdown\">\n<div class=\"translated user-markdown\">\n<p><strong>Der neue Kinderkalender 2026 ist da!<\/strong><\/p>\n<p>&nbsp;<\/p>\n<p>Dieser Kinderkalender 2026 mit 12 phantasievollen handgezeichneten Illustrationen voller Magie, Abenteuer und Freundschaft ist ein wunderbarer Begleiter f\u00fcr das kommende Jahr. Ein tolles Geschenk f\u00fcr kleine und gro\u00dfe Kinder und f\u00fcr Menschen, die sich das Kind im Herzen bewahrt haben.<\/p>\n<p>&nbsp;<\/p>\n<\/div>\n<p>Alle Motive sind von Hand gezeichnet und zu 100% KI-frei. Wenn du wissen m\u00f6chtest, wie meine Bilder entstehen, besuche mich in meiner Zeichenwerkstatt bei <a title=\"\" href=\"https:\/\/www.instagram.com\/martina_hoffmann\/\" target=\"_blank\" rel=\"noopener\">Instagram unter @martina_hoffmann<\/a><\/p>\n<div class=\"translated user-markdown\">\n<p>&nbsp;<\/p>\n<p>It was printed on a high-quality, beautiful uncoated paper that makes the colours shine brightly. The paper is FSC certified and was produced sustainably.<\/p>\n<\/div>\n<\/div>\n<p>&nbsp;<\/p>\n<div><strong>Size and Information<\/strong><\/div>\n<p>\u2022 Format: 21 x 29,7 cm<br \/>\n\u2022 Orientation: portrait format<br \/>\n\u2022 14 pages<br \/>\n\u2022 Paper weight: 250 g\/m\u00b2<br \/>\n\u2022 Binding: spiral binding, white<br \/>\n\u2022 Language: German<br \/>\n\u2022 sehr sch\u00f6ner Druck auf einem Naturpapier<\/p>\n<p>&nbsp;<\/p>\n<p>Die Farben des gedruckten Kinderkalender 2026 k\u00f6nnen von der Artikeldarstellung abweichen. Monitordarstellungen sind immer etwas satter und kontrastreicher als der Druck auf einem ungestrichenen Naturpapier.<\/p>\n<p>Ich verschicke den Kinderkalender 2026 in einer stabilen, knicksicheren Versandtasche aus Karton.<\/p>\n<p>&nbsp;<\/p>\n<p>&nbsp;<\/p>\n<p>*The delivery time information applies to deliveries to Germany. For delivery times to other countries and information on calculating the delivery date, click <a title=\"ZAHLUNG UND VERSAND\" href=\"https:\/\/stiftundpapier.de\/en\/zahlung-und-versand\/\" target=\"_blank\" rel=\"noopener\">here<\/a>.<\/p>\n<p>&nbsp;<\/p>\n<p>&nbsp;<\/p>\n<p><strong>Angaben entsprechend der Produktsicherheitsverordnung (GPSR):\u2028<\/strong><\/p>\n<p>Herstellerin: Martina Hoffmann \u2013 Kunst und Keramik<br \/>\nKontakt: Martina Hoffmann c\/o Hoffmann KBN, Riestedterstra\u00dfe 61, 06526 Sangerhausen<br \/>\nEmail: hallo@stiftundpapier.de<\/p>\n<p>Produktname: Kinderkalender 2026<br \/>\nArtikelnummer: Kinderkalender2026<br \/>\nSicherheitshinweis: Meine Produkte sind nur zur Dekoration bestimmt. Nicht f\u00fcr Kinder unter 3 Jahren geeignet.<\/p>","protected":false},"excerpt":{"rendered":"<p><strong>Kinderkalender 2026<\/strong><br \/>\nFormat DIN A4, 14 Seiten<\/p>","protected":false},"featured_media":27486,"template":"","meta":[],"product_cat":[7,540],"product_tag":[],"_links":{"self":[{"href":"https:\/\/stiftundpapier.de\/en\/wp-json\/wp\/v2\/product\/27429"}],"collection":[{"href":"https:\/\/stiftundpapier.de\/en\/wp-json\/wp\/v2\/product"}],"about":[{"href":"https:\/\/stiftundpapier.de\/en\/wp-json\/wp\/v2\/types\/product"}],"wp:featuredmedia":[{"embeddable":true,"href":"https:\/\/stiftundpapier.de\/en\/wp-json\/wp\/v2\/media\/27486"}],"wp:attachment":[{"href":"https:\/\/stiftundpapier.de\/en\/wp-json\/wp\/v2\/media?parent=27429"}],"wp:term":[{"taxonomy":"product_cat","embeddable":true,"href":"https:\/\/stiftundpapier.de\/en\/wp-json\/wp\/v2\/product_cat?post=27429"},{"taxonomy":"product_tag","embeddable":true,"href":"https:\/\/stiftundpapier.de\/en\/wp-json\/wp\/v2\/product_tag?post=27429"}],"curies":[{"name":"wp","href":"https:\/\/api.w.org\/{rel}","templated":true}]}}