{"id":27456,"date":"2025-09-11T20:36:35","date_gmt":"2025-09-11T18:36:35","guid":{"rendered":"https:\/\/stiftundpapier.de\/?post_type=product&#038;p=27456"},"modified":"2025-12-28T10:29:16","modified_gmt":"2025-12-28T09:29:16","slug":"kunstkalender-2026-visuelle-poesie-jetzt-vorbestellen-din-a2","status":"publish","type":"product","link":"https:\/\/stiftundpapier.de\/en\/product\/kunstkalender-2026-visuelle-poesie-jetzt-vorbestellen-din-a2\/","title":{"rendered":"Kunstkalender 2026 &#8220;Visuelle Poesie&#8221; DIN A2"},"content":{"rendered":"<h6><strong>Kunstkalender 2026 im gro\u00dfen Posterformat<\/strong><\/h6>\n<div><strong>Hochwertiger gro\u00dfer Kunstkalender 2026<\/strong> mit meinen Zeichnungen, die von Licht und Weite erz\u00e4hlen, von Traumbildern und Sehnsuchtsorten. Im eindrucksvollen Posterformat Din A2.<\/div>\n<div><\/div>\n<div><\/div>\n<div><strong><br \/>\nSize and Information<br \/>\n<\/strong>\u2022 Format: DIN A2, 42 x 59,4 cm<br \/>\n\u2022 Orientation: portrait format<\/div>\n<div>\u2022 14 pages<\/div>\n<div>\u2022 Paper weight: 175 g\/m\u00b2<\/div>\n<div>\u2022 Binding: spiral binding, white<\/div>\n<div>\u2022 Language: German<\/div>\n<div><\/div>\n<p><strong>Alle Motive sind von Hand gezeichnet und ohne KI entstanden.<\/strong> Wenn du wissen m\u00f6chtest, wie meine Bilder entstehen, besuche mich in meiner Zeichenwerkstatt bei <a title=\"\" href=\"https:\/\/www.instagram.com\/martina_hoffmann\/\" target=\"_blank\" rel=\"noopener\">Instagram unter @martina_hoffmann<\/a><\/p>\n<p>&nbsp;<\/p>\n<p><strong>Description<br \/>\n<\/strong><\/p>\n<div class=\"translated user-markdown\">\n<div class=\"translated user-markdown\">\n<p>Martina Hoffmann verwandelt Erinnerungen und Tr\u00e4ume in poetische Landschaften. Ihre Werke laden dazu ein, sich auf eine Reise fernab der Realit\u00e4t zu begeben \u2013 hinein in W\u00e4lder, die fl\u00fcstern, in Berge, die Geschichten von Weite und Licht erz\u00e4hlen, in Himmel, die von Magie durchzogen sind. Die Poesie ihrer Zeichnungen entsteht durch das Spiel von Gr\u00f6\u00dfenverh\u00e4ltnissen und Perspektiven und zarten Details, die sich manchmal erst auf den zweiten Blick offenbaren. Hochwertig gedruckt auf einem sch\u00f6nen Naturpapier.<\/p>\n<p>&nbsp;<\/p>\n<p>&nbsp;<\/p>\n<p>&nbsp;<\/p>\n<p><strong>Please note:<\/strong> Die Farben des gedruckten Kunstkalender 2026 k\u00f6nnen von der Artikeldarstellung abweichen. Monitordarstellungen sind immer etwas satter und kontrastreicher als der Druck auf einem ungestrichenen Papier.<\/p>\n<\/div>\n<\/div>\n<p>&nbsp;<\/p>\n<p>&nbsp;<\/p>\n<p>Ich versende den Kunstkalender 2026 in einer sehr stabilen, knicksicheren Versandtasche.<br \/>\nShipping costs to other countries are listed <a title=\"\" href=\"https:\/\/stiftundpapier.de\/en\/zahlung-und-versand\/\" target=\"_blank\" rel=\"noopener\">here.<\/a><\/p>\n<p>&nbsp;<\/p>\n<p>*The delivery time information applies to deliveries to Germany. For delivery times to other countries and information on calculating the delivery date, click <a title=\"ZAHLUNG UND VERSAND\" href=\"https:\/\/stiftundpapier.de\/en\/zahlung-und-versand\/\" target=\"_blank\" rel=\"noopener\">here<\/a>.<\/p>\n<p>&nbsp;<\/p>\n<p><strong>Angaben entsprechend der Produktsicherheitsverordnung (GPSR):\u2028<\/strong><\/p>\n<p>Herstellerin: Martina Hoffmann \u2013 Kunst und Keramik<br \/>\nKontakt: Martina Hoffmann c\/o Hoffmann KBN, Riestedterstra\u00dfe 61, 06526 Sangerhausen<br \/>\nEmail: shop@martinahoffmann.de<\/p>\n<p>Produktname: Kunstkalender 2026<br \/>\nArtikelnummer: Kunstkalender2026<br \/>\nSicherheitshinweis: Meine Produkte sind nur zur Dekoration bestimmt. Nicht f\u00fcr Kinder unter 3 Jahren geeignet.<\/p>\n<p>&nbsp;<\/p>\n<p>&nbsp;<\/p>","protected":false},"excerpt":{"rendered":"<p><strong>Kunstkalender 2026<\/strong><br \/>\nFormat DIN A2, 14 Seiten<\/p>\n<p>&nbsp;<\/p>","protected":false},"featured_media":27484,"template":"","meta":[],"product_cat":[7,499,562,540],"product_tag":[483,344,529,342,343],"_links":{"self":[{"href":"https:\/\/stiftundpapier.de\/en\/wp-json\/wp\/v2\/product\/27456"}],"collection":[{"href":"https:\/\/stiftundpapier.de\/en\/wp-json\/wp\/v2\/product"}],"about":[{"href":"https:\/\/stiftundpapier.de\/en\/wp-json\/wp\/v2\/types\/product"}],"wp:featuredmedia":[{"embeddable":true,"href":"https:\/\/stiftundpapier.de\/en\/wp-json\/wp\/v2\/media\/27484"}],"wp:attachment":[{"href":"https:\/\/stiftundpapier.de\/en\/wp-json\/wp\/v2\/media?parent=27456"}],"wp:term":[{"taxonomy":"product_cat","embeddable":true,"href":"https:\/\/stiftundpapier.de\/en\/wp-json\/wp\/v2\/product_cat?post=27456"},{"taxonomy":"product_tag","embeddable":true,"href":"https:\/\/stiftundpapier.de\/en\/wp-json\/wp\/v2\/product_tag?post=27456"}],"curies":[{"name":"wp","href":"https:\/\/api.w.org\/{rel}","templated":true}]}}