{"id":27617,"date":"2026-01-22T14:28:24","date_gmt":"2026-01-22T13:28:24","guid":{"rendered":"https:\/\/stiftundpapier.de\/?post_type=product&#038;p=27617"},"modified":"2026-01-23T19:09:35","modified_gmt":"2026-01-23T18:09:35","slug":"bestellung-set-espressobecher-cappuccinobecher","status":"publish","type":"product","link":"https:\/\/stiftundpapier.de\/en\/product\/bestellung-set-espressobecher-cappuccinobecher\/","title":{"rendered":"Bestellung Set Espressobecher Cappuccinobecher"},"content":{"rendered":"<p>Das Set umfasst:<\/p>\n<p>&nbsp;<\/p>\n<p><strong><span style=\"text-decoration: underline;\">Schwarzer Steinzeigton, Glasur Graueffekt:<\/span><\/strong><\/p>\n<p><strong>\u2022 6 St\u00fcck Espressobecher,<\/strong> \u00f8 5 bis 5,5 cm, H 6 cm, St\u00fcckpreis 12 Euro<br \/>\n<strong>\u2022 2 St\u00fcck Cappuccinobecher<\/strong>, \u00f8 8cm, H 6 cm, St\u00fcckpreis 14 Euro<\/p>\n<p>&nbsp;<\/p>\n<p><span style=\"text-decoration: underline;\"><strong>wei\u00dfer Steinzeugton, eisblaue Glasur:<\/strong><\/span><br \/>\n<strong>\u2022 2 <\/strong><strong>St\u00fcck Espressobecher,<\/strong> \u00f8 5 bis 5,5 cm, H 6 cm, St\u00fcckpreis 12 Euro<br \/>\n<strong>\u2022 2 St\u00fcck Cappuccinobecher<\/strong>, \u00f8 8cm, H 6 cm, St\u00fcckpreis 14 Euro<\/p>\n<p>&nbsp;<\/p>\n<p><strong>Meine Keramik ist 100% Handarbeit.<\/strong> Jedes Teil ist ein Einzelst\u00fcck. Unregelm\u00e4\u00dfigkeiten entstehen bei der Herstellung und machen aus jedem St\u00fcck ein Unikat.<br \/>\nDie Becher werden nach Zahlungseingang produziert.<\/p>\n<p>&nbsp;<\/p>\n<p>&nbsp;<\/p>\n<p><strong>Angaben entsprechend der Produktsicherheitsverordnung (GPSR):\u2028<\/strong><\/p>\n<p>Herstellerin: Martina Hoffmann \u2013 Kunst und Keramik<br \/>\nKontakt: Martina Hoffmann c\/o Hoffmann KBN, Riestedterstra\u00dfe 61, 06526 Sangerhausen<br \/>\nEmail: hallo@stiftundpapier.de<\/p>\n<p>Produktname: becherset_anja<br \/>\nArtikelnummer: becherset_anja_20260122<\/p>\n<p>Die Konformit\u00e4tserkl\u00e4rung kannst du hier einsehen: <a title=\"Konformit\u00e4tserkl\u00e4rung\" href=\"https:\/\/stiftundpapier.de\/wp-content\/uploads\/2024\/12\/1-18561-1_4-Martina-Hoffmann-Hohlgeschirr.pdf\" target=\"_blank\" rel=\"noopener\">Konformit\u00e4tserkl\u00e4rung<\/a><\/p>\n<p>&nbsp;<\/p>\n<p>&nbsp;<\/p>\n<p>&nbsp;<\/p>\n<p>&nbsp;<\/p>\n<p>&nbsp;<\/p>\n<p>&nbsp;<\/p>","protected":false},"excerpt":{"rendered":"<p>Becherset Anja<\/p>","protected":false},"featured_media":27424,"template":"","meta":[],"product_cat":[542,541],"product_tag":[],"_links":{"self":[{"href":"https:\/\/stiftundpapier.de\/en\/wp-json\/wp\/v2\/product\/27617"}],"collection":[{"href":"https:\/\/stiftundpapier.de\/en\/wp-json\/wp\/v2\/product"}],"about":[{"href":"https:\/\/stiftundpapier.de\/en\/wp-json\/wp\/v2\/types\/product"}],"wp:featuredmedia":[{"embeddable":true,"href":"https:\/\/stiftundpapier.de\/en\/wp-json\/wp\/v2\/media\/27424"}],"wp:attachment":[{"href":"https:\/\/stiftundpapier.de\/en\/wp-json\/wp\/v2\/media?parent=27617"}],"wp:term":[{"taxonomy":"product_cat","embeddable":true,"href":"https:\/\/stiftundpapier.de\/en\/wp-json\/wp\/v2\/product_cat?post=27617"},{"taxonomy":"product_tag","embeddable":true,"href":"https:\/\/stiftundpapier.de\/en\/wp-json\/wp\/v2\/product_tag?post=27617"}],"curies":[{"name":"wp","href":"https:\/\/api.w.org\/{rel}","templated":true}]}}