{"id":27628,"date":"2026-02-24T12:26:00","date_gmt":"2026-02-24T11:26:00","guid":{"rendered":"https:\/\/stiftundpapier.de\/?post_type=product&#038;p=27628"},"modified":"2026-02-24T19:49:10","modified_gmt":"2026-02-24T18:49:10","slug":"becher-braun-10er-set","status":"publish","type":"product","link":"https:\/\/stiftundpapier.de\/en\/product\/becher-braun-10er-set\/","title":{"rendered":"Gro\u00dfe Becher &#8211; 10er Set"},"content":{"rendered":"<p><strong>Handgefertigte gro\u00dfe Becher aus Keramik, 10er Set<\/strong><\/p>\n<p>Material: high firing clay<br \/>\nGlasur: sch\u00f6n texturiertes Braun mit gr\u00e4ulichen gr\u00fcnen Effekten<br \/>\nH\u00f6he: ca. 9 cm<br \/>\nDurchmesser: ca. 8,5 cm<br \/>\nFilling quantity: approx. 330 ml<br \/>\nCare instructions: suitable for the dishwasher<\/p>\n<p>&nbsp;<\/p>\n<p><strong>Einzelpreis: 21 Euro<br \/>\nDer Setpreis gilt f\u00fcr 10 Becher.<br \/>\nDie Bilder sind Platzhalterbilder einer kleineren Version des Bechers.<br \/>\nDas Set ist eine Sonderanfertigung und wird auf Bestellung produziert.<\/strong><\/p>\n<p>&nbsp;<\/p>\n<p>Each piece is unique. Slight out-of-roundness and deviations in shape, size and colour are in the nature of handwork and are due to the manufacturing process.<\/p>\n<p>&nbsp;<\/p>\n<p>My ceramics are 100% handmade. I turned this mug on my potter's wheel, glazed it after the first firing and then fired it a second time at 1,240\u00b0C.<\/p>\n<p>&nbsp;<\/p>\n<p>Die Becher sind s\u00e4ure- und sp\u00fclmaschinenbest\u00e4ndig. Da Sp\u00fclmaschinenwaschmittel aber ziemlich aggressiv sein kann, empfehle ich, die St\u00fccke mit der Hand zu sp\u00fclen, damit du viele Jahre Freude an ihnen hast.<\/p>\n<p>&nbsp;<\/p>","protected":false},"excerpt":{"rendered":"<p>10er Set Becher braun, ca. 330 ml<\/p>","protected":false},"featured_media":27324,"template":"","meta":[],"product_cat":[542,541],"product_tag":[],"_links":{"self":[{"href":"https:\/\/stiftundpapier.de\/en\/wp-json\/wp\/v2\/product\/27628"}],"collection":[{"href":"https:\/\/stiftundpapier.de\/en\/wp-json\/wp\/v2\/product"}],"about":[{"href":"https:\/\/stiftundpapier.de\/en\/wp-json\/wp\/v2\/types\/product"}],"wp:featuredmedia":[{"embeddable":true,"href":"https:\/\/stiftundpapier.de\/en\/wp-json\/wp\/v2\/media\/27324"}],"wp:attachment":[{"href":"https:\/\/stiftundpapier.de\/en\/wp-json\/wp\/v2\/media?parent=27628"}],"wp:term":[{"taxonomy":"product_cat","embeddable":true,"href":"https:\/\/stiftundpapier.de\/en\/wp-json\/wp\/v2\/product_cat?post=27628"},{"taxonomy":"product_tag","embeddable":true,"href":"https:\/\/stiftundpapier.de\/en\/wp-json\/wp\/v2\/product_tag?post=27628"}],"curies":[{"name":"wp","href":"https:\/\/api.w.org\/{rel}","templated":true}]}}